{"id":5895,"date":"2014-09-27T15:08:57","date_gmt":"2014-09-27T14:08:57","guid":{"rendered":"http:\/\/pmiservices.fr\/mercerie\/?post_type=product&#038;p=5895"},"modified":"2025-05-05T17:02:01","modified_gmt":"2025-05-05T16:02:01","slug":"fil-dmc-special-dentelle-art-19-grosseur-80","status":"publish","type":"product","link":"http:\/\/pmiservices.fr\/mercerie\/boutique\/fil-dmc\/fil-special-dentelle-80\/fil-dmc-special-dentelle-art-19-grosseur-80\/","title":{"rendered":"Fil DMC sp\u00e9cial dentelle art. 19 grosseur 80"},"content":{"rendered":"<p><a href=\"http:\/\/pmiservices.fr\/mercerie\/wp-content\/uploads\/IMG_9034-Copier.jpg\" target=\"_blank\" rel=\"noopener noreferrer\"><img loading=\"lazy\" decoding=\"async\" class=\"alignnone size-medium wp-image-5952\" src=\"http:\/\/pmiservices.fr\/mercerie\/wp-content\/uploads\/IMG_9034-Copier-300x200.jpg\" alt=\"IMG_9034 (Copier)\" width=\"300\" height=\"200\" srcset=\"http:\/\/pmiservices.fr\/mercerie\/wp-content\/uploads\/IMG_9034-Copier-300x200.jpg 300w, http:\/\/pmiservices.fr\/mercerie\/wp-content\/uploads\/IMG_9034-Copier-1024x682.jpg 1024w, http:\/\/pmiservices.fr\/mercerie\/wp-content\/uploads\/IMG_9034-Copier.jpg 1944w\" sizes=\"auto, (max-width: 300px) 100vw, 300px\" \/><\/a><a href=\"http:\/\/pmiservices.fr\/mercerie\/wp-content\/uploads\/imp_photo_956_1293613659.jpg\" target=\"_blank\" rel=\"noopener noreferrer\"><img loading=\"lazy\" decoding=\"async\" class=\"alignnone size-medium wp-image-5896\" src=\"http:\/\/pmiservices.fr\/mercerie\/wp-content\/uploads\/imp_photo_956_1293613659-212x300.jpg\" alt=\"imp_photo_956_1293613659\" width=\"212\" height=\"300\" srcset=\"http:\/\/pmiservices.fr\/mercerie\/wp-content\/uploads\/imp_photo_956_1293613659-212x300.jpg 212w, http:\/\/pmiservices.fr\/mercerie\/wp-content\/uploads\/imp_photo_956_1293613659-725x1024.jpg 725w, http:\/\/pmiservices.fr\/mercerie\/wp-content\/uploads\/imp_photo_956_1293613659.jpg 800w\" sizes=\"auto, (max-width: 212px) 100vw, 212px\" \/><\/a><a href=\"http:\/\/pmiservices.fr\/mercerie\/wp-content\/uploads\/imp_photo_956_1284459435.jpg\" target=\"_blank\" rel=\"noopener noreferrer\"><img loading=\"lazy\" decoding=\"async\" class=\"alignnone size-medium wp-image-5898\" src=\"http:\/\/pmiservices.fr\/mercerie\/wp-content\/uploads\/imp_photo_956_1284459435-161x300.jpg\" alt=\"imp_photo_956_1284459435\" width=\"161\" height=\"300\" srcset=\"http:\/\/pmiservices.fr\/mercerie\/wp-content\/uploads\/imp_photo_956_1284459435-161x300.jpg 161w, http:\/\/pmiservices.fr\/mercerie\/wp-content\/uploads\/imp_photo_956_1284459435-551x1024.jpg 551w, http:\/\/pmiservices.fr\/mercerie\/wp-content\/uploads\/imp_photo_956_1284459435.jpg 646w\" sizes=\"auto, (max-width: 161px) 100vw, 161px\" \/><\/a><\/p>\n","protected":false},"excerpt":{"rendered":"<p>Les r\u00e9f\u00e9rences 57, 58 et 62 n&#8217;apparaissent pas sur le nuancier, elles sont en photo \u00e0 c\u00f4t\u00e9 du nuancier.<\/p>\n","protected":false},"featured_media":5954,"comment_status":"open","ping_status":"closed","template":"","meta":{"kt_blocks_editor_width":""},"product_brand":[],"product_cat":[300,17],"product_tag":[],"class_list":{"0":"post-5895","1":"product","2":"type-product","3":"status-publish","4":"has-post-thumbnail","6":"product_cat-fil-special-dentelle-80","7":"product_cat-fil-dmc","9":"first","10":"outofstock","11":"sale","12":"shipping-taxable","13":"purchasable","14":"product-type-variable"},"_links":{"self":[{"href":"http:\/\/pmiservices.fr\/mercerie\/wp-json\/wp\/v2\/product\/5895","targetHints":{"allow":["GET"]}}],"collection":[{"href":"http:\/\/pmiservices.fr\/mercerie\/wp-json\/wp\/v2\/product"}],"about":[{"href":"http:\/\/pmiservices.fr\/mercerie\/wp-json\/wp\/v2\/types\/product"}],"replies":[{"embeddable":true,"href":"http:\/\/pmiservices.fr\/mercerie\/wp-json\/wp\/v2\/comments?post=5895"}],"wp:featuredmedia":[{"embeddable":true,"href":"http:\/\/pmiservices.fr\/mercerie\/wp-json\/wp\/v2\/media\/5954"}],"wp:attachment":[{"href":"http:\/\/pmiservices.fr\/mercerie\/wp-json\/wp\/v2\/media?parent=5895"}],"wp:term":[{"taxonomy":"product_brand","embeddable":true,"href":"http:\/\/pmiservices.fr\/mercerie\/wp-json\/wp\/v2\/product_brand?post=5895"},{"taxonomy":"product_cat","embeddable":true,"href":"http:\/\/pmiservices.fr\/mercerie\/wp-json\/wp\/v2\/product_cat?post=5895"},{"taxonomy":"product_tag","embeddable":true,"href":"http:\/\/pmiservices.fr\/mercerie\/wp-json\/wp\/v2\/product_tag?post=5895"}],"curies":[{"name":"wp","href":"https:\/\/api.w.org\/{rel}","templated":true}]}}