{"id":5611,"date":"2014-09-24T16:35:41","date_gmt":"2014-09-24T15:35:41","guid":{"rendered":"http:\/\/pmiservices.fr\/mercerie\/?post_type=product&#038;p=5611"},"modified":"2020-04-27T16:19:34","modified_gmt":"2020-04-27T15:19:34","slug":"fil-gutermann-100-polyester-30m-super-resistant-nuancier-10-a-16","status":"publish","type":"product","link":"http:\/\/pmiservices.fr\/mercerie\/boutique\/fils-a-coudre-broder\/fils-a-coudre\/fil-a-coudre-polyester\/fil-gutermann-100-polyester-30m-super-resistant-nuancier-10-a-16\/","title":{"rendered":"Fil G\u00fctermann 100% polyester, 30m super r\u00e9sistant, nuancier 10 \u00e0 16"},"content":{"rendered":"<p><a href=\"http:\/\/pmiservices.fr\/mercerie\/wp-content\/uploads\/nuancier-gutermann-100-polyester-4.jpg\"><img loading=\"lazy\" decoding=\"async\" class=\"alignnone size-medium wp-image-1592\" src=\"http:\/\/pmiservices.fr\/mercerie\/wp-content\/uploads\/nuancier-gutermann-100-polyester-4-212x300.jpg\" alt=\"nuancier gutermann 100 polyester 4\" width=\"212\" height=\"300\" srcset=\"http:\/\/pmiservices.fr\/mercerie\/wp-content\/uploads\/nuancier-gutermann-100-polyester-4-212x300.jpg 212w, http:\/\/pmiservices.fr\/mercerie\/wp-content\/uploads\/nuancier-gutermann-100-polyester-4-725x1024.jpg 725w, http:\/\/pmiservices.fr\/mercerie\/wp-content\/uploads\/nuancier-gutermann-100-polyester-4.jpg 828w\" sizes=\"auto, (max-width: 212px) 100vw, 212px\" \/><\/a> <a href=\"http:\/\/pmiservices.fr\/mercerie\/wp-content\/uploads\/nuancier-gutermann-100polyester-5.jpg\"><img loading=\"lazy\" decoding=\"async\" class=\"alignnone size-medium wp-image-1593\" src=\"http:\/\/pmiservices.fr\/mercerie\/wp-content\/uploads\/nuancier-gutermann-100polyester-5-212x300.jpg\" alt=\"nuancier gutermann 100polyester 5\" width=\"212\" height=\"300\" srcset=\"http:\/\/pmiservices.fr\/mercerie\/wp-content\/uploads\/nuancier-gutermann-100polyester-5-212x300.jpg 212w, http:\/\/pmiservices.fr\/mercerie\/wp-content\/uploads\/nuancier-gutermann-100polyester-5-725x1024.jpg 725w, http:\/\/pmiservices.fr\/mercerie\/wp-content\/uploads\/nuancier-gutermann-100polyester-5.jpg 828w\" sizes=\"auto, (max-width: 212px) 100vw, 212px\" \/><\/a> <a href=\"http:\/\/pmiservices.fr\/mercerie\/wp-content\/uploads\/nuancier-gutermann-100polyester-6.jpg\"><img loading=\"lazy\" decoding=\"async\" class=\"alignnone size-medium wp-image-1594\" src=\"http:\/\/pmiservices.fr\/mercerie\/wp-content\/uploads\/nuancier-gutermann-100polyester-6-72x300.jpg\" alt=\"nuancier gutermann 100polyester 6\" width=\"72\" height=\"300\" \/><\/a><\/p>\n","protected":false},"excerpt":{"rendered":"","protected":false},"featured_media":2788,"comment_status":"open","ping_status":"closed","template":"","meta":{"kt_blocks_editor_width":""},"product_brand":[],"product_cat":[54,51],"product_tag":[],"class_list":{"0":"post-5611","1":"product","2":"type-product","3":"status-publish","4":"has-post-thumbnail","6":"product_cat-fil-a-coudre-polyester","7":"product_cat-fils-a-coudre","9":"first","10":"instock","11":"shipping-taxable","12":"purchasable","13":"product-type-variable"},"_links":{"self":[{"href":"http:\/\/pmiservices.fr\/mercerie\/wp-json\/wp\/v2\/product\/5611","targetHints":{"allow":["GET"]}}],"collection":[{"href":"http:\/\/pmiservices.fr\/mercerie\/wp-json\/wp\/v2\/product"}],"about":[{"href":"http:\/\/pmiservices.fr\/mercerie\/wp-json\/wp\/v2\/types\/product"}],"replies":[{"embeddable":true,"href":"http:\/\/pmiservices.fr\/mercerie\/wp-json\/wp\/v2\/comments?post=5611"}],"wp:featuredmedia":[{"embeddable":true,"href":"http:\/\/pmiservices.fr\/mercerie\/wp-json\/wp\/v2\/media\/2788"}],"wp:attachment":[{"href":"http:\/\/pmiservices.fr\/mercerie\/wp-json\/wp\/v2\/media?parent=5611"}],"wp:term":[{"taxonomy":"product_brand","embeddable":true,"href":"http:\/\/pmiservices.fr\/mercerie\/wp-json\/wp\/v2\/product_brand?post=5611"},{"taxonomy":"product_cat","embeddable":true,"href":"http:\/\/pmiservices.fr\/mercerie\/wp-json\/wp\/v2\/product_cat?post=5611"},{"taxonomy":"product_tag","embeddable":true,"href":"http:\/\/pmiservices.fr\/mercerie\/wp-json\/wp\/v2\/product_tag?post=5611"}],"curies":[{"name":"wp","href":"https:\/\/api.w.org\/{rel}","templated":true}]}}