{"id":5582,"date":"2014-09-24T15:25:34","date_gmt":"2014-09-24T14:25:34","guid":{"rendered":"http:\/\/pmiservices.fr\/mercerie\/?post_type=product&#038;p=5582"},"modified":"2024-06-11T14:57:53","modified_gmt":"2024-06-11T13:57:53","slug":"fil-gutermann-extra-fort-100-polyester-100m","status":"publish","type":"product","link":"http:\/\/pmiservices.fr\/mercerie\/boutique\/fils-a-coudre-broder\/fils-a-coudre\/fil-a-coudre-polyester\/fil-gutermann-extra-fort-100-polyester-100m\/","title":{"rendered":"Fil G\u00fctermann extra fort 100% polyester 100m"},"content":{"rendered":"<p><a href=\"http:\/\/pmiservices.fr\/mercerie\/wp-content\/uploads\/nuancier-gutermann-100-polyester-1.jpg\" target=\"_blank\" rel=\"noopener noreferrer\"><img loading=\"lazy\" decoding=\"async\" class=\"alignnone size-medium wp-image-1589\" src=\"http:\/\/pmiservices.fr\/mercerie\/wp-content\/uploads\/nuancier-gutermann-100-polyester-1-212x300.jpg\" alt=\"nuancier gutermann 100 polyester 1\" width=\"212\" height=\"300\" srcset=\"http:\/\/pmiservices.fr\/mercerie\/wp-content\/uploads\/nuancier-gutermann-100-polyester-1-212x300.jpg 212w, http:\/\/pmiservices.fr\/mercerie\/wp-content\/uploads\/nuancier-gutermann-100-polyester-1-725x1024.jpg 725w, http:\/\/pmiservices.fr\/mercerie\/wp-content\/uploads\/nuancier-gutermann-100-polyester-1.jpg 828w\" sizes=\"auto, (max-width: 212px) 100vw, 212px\" \/><\/a><a href=\"http:\/\/pmiservices.fr\/mercerie\/wp-content\/uploads\/nuancier-gutermann-100-polyester-2.jpg\" target=\"_blank\" rel=\"noopener noreferrer\"><img loading=\"lazy\" decoding=\"async\" class=\"alignnone size-medium wp-image-1590\" src=\"http:\/\/pmiservices.fr\/mercerie\/wp-content\/uploads\/nuancier-gutermann-100-polyester-2-212x300.jpg\" alt=\"nuancier gutermann 100 polyester 2\" width=\"212\" height=\"300\" srcset=\"http:\/\/pmiservices.fr\/mercerie\/wp-content\/uploads\/nuancier-gutermann-100-polyester-2-212x300.jpg 212w, http:\/\/pmiservices.fr\/mercerie\/wp-content\/uploads\/nuancier-gutermann-100-polyester-2-725x1024.jpg 725w, http:\/\/pmiservices.fr\/mercerie\/wp-content\/uploads\/nuancier-gutermann-100-polyester-2.jpg 828w\" sizes=\"auto, (max-width: 212px) 100vw, 212px\" \/><\/a> <a href=\"http:\/\/pmiservices.fr\/mercerie\/wp-content\/uploads\/nuancier-gutermann-100polyester-3.jpg\" target=\"_blank\" rel=\"noopener noreferrer\"><img loading=\"lazy\" decoding=\"async\" class=\"alignnone size-medium wp-image-1591\" src=\"http:\/\/pmiservices.fr\/mercerie\/wp-content\/uploads\/nuancier-gutermann-100polyester-3-212x300.jpg\" alt=\"nuancier gutermann 100polyester 3\" width=\"212\" height=\"300\" srcset=\"http:\/\/pmiservices.fr\/mercerie\/wp-content\/uploads\/nuancier-gutermann-100polyester-3-212x300.jpg 212w, http:\/\/pmiservices.fr\/mercerie\/wp-content\/uploads\/nuancier-gutermann-100polyester-3-725x1024.jpg 725w, http:\/\/pmiservices.fr\/mercerie\/wp-content\/uploads\/nuancier-gutermann-100polyester-3.jpg 828w\" sizes=\"auto, (max-width: 212px) 100vw, 212px\" \/><\/a> <a href=\"http:\/\/pmiservices.fr\/mercerie\/wp-content\/uploads\/nuancier-gutermann-100-polyester-4.jpg\" target=\"_blank\" rel=\"noopener noreferrer\"><img loading=\"lazy\" decoding=\"async\" class=\"alignnone size-medium wp-image-1592\" src=\"http:\/\/pmiservices.fr\/mercerie\/wp-content\/uploads\/nuancier-gutermann-100-polyester-4-212x300.jpg\" alt=\"nuancier gutermann 100 polyester 4\" width=\"212\" height=\"300\" srcset=\"http:\/\/pmiservices.fr\/mercerie\/wp-content\/uploads\/nuancier-gutermann-100-polyester-4-212x300.jpg 212w, http:\/\/pmiservices.fr\/mercerie\/wp-content\/uploads\/nuancier-gutermann-100-polyester-4-725x1024.jpg 725w, http:\/\/pmiservices.fr\/mercerie\/wp-content\/uploads\/nuancier-gutermann-100-polyester-4.jpg 828w\" sizes=\"auto, (max-width: 212px) 100vw, 212px\" \/><\/a> <a href=\"http:\/\/pmiservices.fr\/mercerie\/wp-content\/uploads\/nuancier-gutermann-100polyester-5.jpg\" target=\"_blank\" rel=\"noopener noreferrer\"><img loading=\"lazy\" decoding=\"async\" class=\"alignnone size-medium wp-image-1593\" src=\"http:\/\/pmiservices.fr\/mercerie\/wp-content\/uploads\/nuancier-gutermann-100polyester-5-212x300.jpg\" alt=\"nuancier gutermann 100polyester 5\" width=\"212\" height=\"300\" srcset=\"http:\/\/pmiservices.fr\/mercerie\/wp-content\/uploads\/nuancier-gutermann-100polyester-5-212x300.jpg 212w, http:\/\/pmiservices.fr\/mercerie\/wp-content\/uploads\/nuancier-gutermann-100polyester-5-725x1024.jpg 725w, http:\/\/pmiservices.fr\/mercerie\/wp-content\/uploads\/nuancier-gutermann-100polyester-5.jpg 828w\" sizes=\"auto, (max-width: 212px) 100vw, 212px\" \/><\/a> <a href=\"http:\/\/pmiservices.fr\/mercerie\/wp-content\/uploads\/nuancier-gutermann-100polyester-6.jpg\" target=\"_blank\" rel=\"noopener noreferrer\"><img loading=\"lazy\" decoding=\"async\" class=\"alignnone size-medium wp-image-1594\" src=\"http:\/\/pmiservices.fr\/mercerie\/wp-content\/uploads\/nuancier-gutermann-100polyester-6-72x300.jpg\" alt=\"nuancier gutermann 100polyester 6\" width=\"72\" height=\"300\" \/><\/a><\/p>\n","protected":false},"excerpt":{"rendered":"<p>Fil \u00e0 coudre extra-fort G\u00fctermann M782, 100m. Pour toutes les coutures fortes et r\u00e9sistantes (id\u00e9al pour jean, cuir, b\u00e2ches), r\u00e9sistant \u00e0 la traction, \u00e9lastique et doux.<\/p>\n","protected":false},"featured_media":5583,"comment_status":"open","ping_status":"closed","template":"","meta":{"kt_blocks_editor_width":""},"product_brand":[],"product_cat":[54],"product_tag":[],"class_list":{"0":"post-5582","1":"product","2":"type-product","3":"status-publish","4":"has-post-thumbnail","6":"product_cat-fil-a-coudre-polyester","8":"first","9":"instock","10":"shipping-taxable","11":"purchasable","12":"product-type-variable"},"_links":{"self":[{"href":"http:\/\/pmiservices.fr\/mercerie\/wp-json\/wp\/v2\/product\/5582","targetHints":{"allow":["GET"]}}],"collection":[{"href":"http:\/\/pmiservices.fr\/mercerie\/wp-json\/wp\/v2\/product"}],"about":[{"href":"http:\/\/pmiservices.fr\/mercerie\/wp-json\/wp\/v2\/types\/product"}],"replies":[{"embeddable":true,"href":"http:\/\/pmiservices.fr\/mercerie\/wp-json\/wp\/v2\/comments?post=5582"}],"wp:featuredmedia":[{"embeddable":true,"href":"http:\/\/pmiservices.fr\/mercerie\/wp-json\/wp\/v2\/media\/5583"}],"wp:attachment":[{"href":"http:\/\/pmiservices.fr\/mercerie\/wp-json\/wp\/v2\/media?parent=5582"}],"wp:term":[{"taxonomy":"product_brand","embeddable":true,"href":"http:\/\/pmiservices.fr\/mercerie\/wp-json\/wp\/v2\/product_brand?post=5582"},{"taxonomy":"product_cat","embeddable":true,"href":"http:\/\/pmiservices.fr\/mercerie\/wp-json\/wp\/v2\/product_cat?post=5582"},{"taxonomy":"product_tag","embeddable":true,"href":"http:\/\/pmiservices.fr\/mercerie\/wp-json\/wp\/v2\/product_tag?post=5582"}],"curies":[{"name":"wp","href":"https:\/\/api.w.org\/{rel}","templated":true}]}}