{"id":3484,"date":"2014-09-02T16:41:46","date_gmt":"2014-09-02T15:41:46","guid":{"rendered":"http:\/\/pmiservices.fr\/mercerie\/?post_type=product&#038;p=3484"},"modified":"2019-06-18T11:40:22","modified_gmt":"2019-06-18T10:40:22","slug":"gutermann-fil-de-lin-100-lin-50m","status":"publish","type":"product","link":"http:\/\/pmiservices.fr\/mercerie\/boutique\/fils-a-coudre-broder\/fils-a-coudre\/fil-a-coudre-100-lin\/gutermann-fil-de-lin-100-lin-50m\/","title":{"rendered":"G\u00fctermann fil de lin 100% lin 50m"},"content":{"rendered":"<p><a href=\"http:\/\/pmiservices.fr\/mercerie\/wp-content\/uploads\/fil-lin.jpg\" target=\"_blank\" rel=\"noopener noreferrer\"><img loading=\"lazy\" decoding=\"async\" class=\"alignnone size-medium wp-image-3492\" src=\"http:\/\/pmiservices.fr\/mercerie\/wp-content\/uploads\/fil-lin-300x200.jpg\" alt=\"fil lin\" width=\"300\" height=\"200\" srcset=\"http:\/\/pmiservices.fr\/mercerie\/wp-content\/uploads\/fil-lin-300x200.jpg 300w, http:\/\/pmiservices.fr\/mercerie\/wp-content\/uploads\/fil-lin-1024x682.jpg 1024w, http:\/\/pmiservices.fr\/mercerie\/wp-content\/uploads\/fil-lin.jpg 1944w\" sizes=\"auto, (max-width: 300px) 100vw, 300px\" \/><\/a><\/p>\n","protected":false},"excerpt":{"rendered":"<p>Fil solide et r\u00e9sistant pour coutures \u00e0 la main. Id\u00e9al pour boutons, tissus forts et robustes.<\/p>\n","protected":false},"featured_media":3492,"comment_status":"open","ping_status":"closed","template":"","meta":{"kt_blocks_editor_width":""},"product_brand":[],"product_cat":[56],"product_tag":[],"class_list":{"0":"post-3484","1":"product","2":"type-product","3":"status-publish","4":"has-post-thumbnail","6":"product_cat-fil-a-coudre-100-lin","8":"first","9":"instock","10":"shipping-taxable","11":"purchasable","12":"product-type-variable"},"_links":{"self":[{"href":"http:\/\/pmiservices.fr\/mercerie\/wp-json\/wp\/v2\/product\/3484","targetHints":{"allow":["GET"]}}],"collection":[{"href":"http:\/\/pmiservices.fr\/mercerie\/wp-json\/wp\/v2\/product"}],"about":[{"href":"http:\/\/pmiservices.fr\/mercerie\/wp-json\/wp\/v2\/types\/product"}],"replies":[{"embeddable":true,"href":"http:\/\/pmiservices.fr\/mercerie\/wp-json\/wp\/v2\/comments?post=3484"}],"wp:featuredmedia":[{"embeddable":true,"href":"http:\/\/pmiservices.fr\/mercerie\/wp-json\/wp\/v2\/media\/3492"}],"wp:attachment":[{"href":"http:\/\/pmiservices.fr\/mercerie\/wp-json\/wp\/v2\/media?parent=3484"}],"wp:term":[{"taxonomy":"product_brand","embeddable":true,"href":"http:\/\/pmiservices.fr\/mercerie\/wp-json\/wp\/v2\/product_brand?post=3484"},{"taxonomy":"product_cat","embeddable":true,"href":"http:\/\/pmiservices.fr\/mercerie\/wp-json\/wp\/v2\/product_cat?post=3484"},{"taxonomy":"product_tag","embeddable":true,"href":"http:\/\/pmiservices.fr\/mercerie\/wp-json\/wp\/v2\/product_tag?post=3484"}],"curies":[{"name":"wp","href":"https:\/\/api.w.org\/{rel}","templated":true}]}}