{"id":2786,"date":"2014-08-27T11:10:51","date_gmt":"2014-08-27T10:10:51","guid":{"rendered":"http:\/\/pmiservices.fr\/mercerie\/?post_type=product&#038;p=2786"},"modified":"2024-06-11T15:03:00","modified_gmt":"2024-06-11T14:03:00","slug":"fil-gutermann-100-polyester-30m-super-resistant","status":"publish","type":"product","link":"http:\/\/pmiservices.fr\/mercerie\/boutique\/fils-a-coudre-broder\/fils-a-coudre\/fil-a-coudre-polyester\/fil-gutermann-100-polyester-30m-super-resistant\/","title":{"rendered":"Fil G\u00fctermann 100% polyester, 30m super r\u00e9sistant, nuancier 1\u00e09."},"content":{"rendered":"<p><a href=\"http:\/\/pmiservices.fr\/mercerie\/wp-content\/uploads\/nuancier-gutermann-100-polyester-1.jpg\" target=\"_blank\" rel=\"noopener noreferrer\"><img loading=\"lazy\" decoding=\"async\" class=\"alignnone size-medium wp-image-1589\" src=\"http:\/\/pmiservices.fr\/mercerie\/wp-content\/uploads\/nuancier-gutermann-100-polyester-1-212x300.jpg\" alt=\"nuancier gutermann 100 polyester 1\" width=\"212\" height=\"300\" srcset=\"http:\/\/pmiservices.fr\/mercerie\/wp-content\/uploads\/nuancier-gutermann-100-polyester-1-212x300.jpg 212w, http:\/\/pmiservices.fr\/mercerie\/wp-content\/uploads\/nuancier-gutermann-100-polyester-1-725x1024.jpg 725w, http:\/\/pmiservices.fr\/mercerie\/wp-content\/uploads\/nuancier-gutermann-100-polyester-1.jpg 828w\" sizes=\"auto, (max-width: 212px) 100vw, 212px\" \/><\/a> <a href=\"http:\/\/pmiservices.fr\/mercerie\/wp-content\/uploads\/nuancier-gutermann-100-polyester-2.jpg\" target=\"_blank\" rel=\"noopener noreferrer\"><img loading=\"lazy\" decoding=\"async\" class=\"alignnone size-medium wp-image-1590\" src=\"http:\/\/pmiservices.fr\/mercerie\/wp-content\/uploads\/nuancier-gutermann-100-polyester-2-212x300.jpg\" alt=\"nuancier gutermann 100 polyester 2\" width=\"212\" height=\"300\" srcset=\"http:\/\/pmiservices.fr\/mercerie\/wp-content\/uploads\/nuancier-gutermann-100-polyester-2-212x300.jpg 212w, http:\/\/pmiservices.fr\/mercerie\/wp-content\/uploads\/nuancier-gutermann-100-polyester-2-725x1024.jpg 725w, http:\/\/pmiservices.fr\/mercerie\/wp-content\/uploads\/nuancier-gutermann-100-polyester-2.jpg 828w\" sizes=\"auto, (max-width: 212px) 100vw, 212px\" \/><\/a> <a href=\"http:\/\/pmiservices.fr\/mercerie\/wp-content\/uploads\/nuancier-gutermann-100polyester-3.jpg\" target=\"_blank\" rel=\"noopener noreferrer\"><img loading=\"lazy\" decoding=\"async\" class=\"alignnone size-medium wp-image-1591\" src=\"http:\/\/pmiservices.fr\/mercerie\/wp-content\/uploads\/nuancier-gutermann-100polyester-3-212x300.jpg\" alt=\"nuancier gutermann 100polyester 3\" width=\"212\" height=\"300\" srcset=\"http:\/\/pmiservices.fr\/mercerie\/wp-content\/uploads\/nuancier-gutermann-100polyester-3-212x300.jpg 212w, http:\/\/pmiservices.fr\/mercerie\/wp-content\/uploads\/nuancier-gutermann-100polyester-3-725x1024.jpg 725w, http:\/\/pmiservices.fr\/mercerie\/wp-content\/uploads\/nuancier-gutermann-100polyester-3.jpg 828w\" sizes=\"auto, (max-width: 212px) 100vw, 212px\" \/><\/a><\/p>\n","protected":false},"excerpt":{"rendered":"","protected":false},"featured_media":2788,"comment_status":"open","ping_status":"closed","template":"","meta":{"kt_blocks_editor_width":""},"product_brand":[],"product_cat":[54],"product_tag":[],"class_list":{"0":"post-2786","1":"product","2":"type-product","3":"status-publish","4":"has-post-thumbnail","6":"product_cat-fil-a-coudre-polyester","8":"first","9":"instock","10":"shipping-taxable","11":"purchasable","12":"product-type-variable"},"_links":{"self":[{"href":"http:\/\/pmiservices.fr\/mercerie\/wp-json\/wp\/v2\/product\/2786","targetHints":{"allow":["GET"]}}],"collection":[{"href":"http:\/\/pmiservices.fr\/mercerie\/wp-json\/wp\/v2\/product"}],"about":[{"href":"http:\/\/pmiservices.fr\/mercerie\/wp-json\/wp\/v2\/types\/product"}],"replies":[{"embeddable":true,"href":"http:\/\/pmiservices.fr\/mercerie\/wp-json\/wp\/v2\/comments?post=2786"}],"wp:featuredmedia":[{"embeddable":true,"href":"http:\/\/pmiservices.fr\/mercerie\/wp-json\/wp\/v2\/media\/2788"}],"wp:attachment":[{"href":"http:\/\/pmiservices.fr\/mercerie\/wp-json\/wp\/v2\/media?parent=2786"}],"wp:term":[{"taxonomy":"product_brand","embeddable":true,"href":"http:\/\/pmiservices.fr\/mercerie\/wp-json\/wp\/v2\/product_brand?post=2786"},{"taxonomy":"product_cat","embeddable":true,"href":"http:\/\/pmiservices.fr\/mercerie\/wp-json\/wp\/v2\/product_cat?post=2786"},{"taxonomy":"product_tag","embeddable":true,"href":"http:\/\/pmiservices.fr\/mercerie\/wp-json\/wp\/v2\/product_tag?post=2786"}],"curies":[{"name":"wp","href":"https:\/\/api.w.org\/{rel}","templated":true}]}}