{"id":19087,"date":"2025-12-01T16:48:24","date_gmt":"2025-12-01T15:48:24","guid":{"rendered":"http:\/\/pmiservices.fr\/mercerie\/?post_type=product&#038;p=19087"},"modified":"2025-12-01T16:48:24","modified_gmt":"2025-12-01T15:48:24","slug":"eclair-de-bergere-de-france-2-lots","status":"publish","type":"product","link":"http:\/\/pmiservices.fr\/mercerie\/boutique\/tout-pour-le-tricot\/laine-par-marques\/bergere-de-france\/eclair-de-bergere-de-france-2-lots\/","title":{"rendered":"ECLAIR de Berg\u00e8re de France (2 lots)"},"content":{"rendered":"<p><img loading=\"lazy\" decoding=\"async\" class=\"alignnone size-medium wp-image-19079\" src=\"http:\/\/pmiservices.fr\/mercerie\/wp-content\/uploads\/eclair-helios-Copier-450x600.jpg\" alt=\"\" width=\"450\" height=\"600\" srcset=\"http:\/\/pmiservices.fr\/mercerie\/wp-content\/uploads\/eclair-helios-Copier-450x600.jpg 450w, http:\/\/pmiservices.fr\/mercerie\/wp-content\/uploads\/eclair-helios-Copier-975x1300.jpg 975w, http:\/\/pmiservices.fr\/mercerie\/wp-content\/uploads\/eclair-helios-Copier-768x1024.jpg 768w, http:\/\/pmiservices.fr\/mercerie\/wp-content\/uploads\/eclair-helios-Copier-1152x1536.jpg 1152w, http:\/\/pmiservices.fr\/mercerie\/wp-content\/uploads\/eclair-helios-Copier-1536x2048.jpg 1536w, http:\/\/pmiservices.fr\/mercerie\/wp-content\/uploads\/eclair-helios-Copier-300x400.jpg 300w, http:\/\/pmiservices.fr\/mercerie\/wp-content\/uploads\/eclair-helios-Copier.jpg 1814w\" sizes=\"auto, (max-width: 450px) 100vw, 450px\" \/> <img loading=\"lazy\" decoding=\"async\" class=\"alignnone size-medium wp-image-19074\" src=\"http:\/\/pmiservices.fr\/mercerie\/wp-content\/uploads\/eclair2-Copier-450x600.jpg\" alt=\"\" width=\"450\" height=\"600\" srcset=\"http:\/\/pmiservices.fr\/mercerie\/wp-content\/uploads\/eclair2-Copier-450x600.jpg 450w, http:\/\/pmiservices.fr\/mercerie\/wp-content\/uploads\/eclair2-Copier-975x1300.jpg 975w, http:\/\/pmiservices.fr\/mercerie\/wp-content\/uploads\/eclair2-Copier-768x1024.jpg 768w, http:\/\/pmiservices.fr\/mercerie\/wp-content\/uploads\/eclair2-Copier-1152x1536.jpg 1152w, http:\/\/pmiservices.fr\/mercerie\/wp-content\/uploads\/eclair2-Copier-1536x2048.jpg 1536w, http:\/\/pmiservices.fr\/mercerie\/wp-content\/uploads\/eclair2-Copier-300x400.jpg 300w, http:\/\/pmiservices.fr\/mercerie\/wp-content\/uploads\/eclair2-Copier.jpg 1814w\" sizes=\"auto, (max-width: 450px) 100vw, 450px\" \/><\/p>\n","protected":false},"excerpt":{"rendered":"<p>ECLAIR de Berg\u00e8re de France. Pelote 50gr, env.105m. 74% acrylique, 14% mohair, 9% laine peign\u00e9e, 3% lurex. Aiguilles 4,5\/5. Echantillon 10x10cm =15mx21rgs.<br \/>\nCe fil combine un c\u0153ur de mohair et acrylique avec une m\u00e8che de m\u00e9tal brillant effet Lurex, il offre un \u00e9clat discret.<\/p>\n<p>1 lot : 2 pelotes colori Helios<br \/>\n1 lot : 3 pelotes coloris Noir et Cephee<\/p>\n","protected":false},"featured_media":19074,"comment_status":"open","ping_status":"closed","template":"","meta":{"kt_blocks_editor_width":""},"product_brand":[],"product_cat":[130,15,264,263],"product_tag":[],"class_list":{"0":"post-19087","1":"product","2":"type-product","3":"status-publish","4":"has-post-thumbnail","6":"product_cat-coin-des-bonnes-affaires","7":"product_cat-tout-pour-le-tricot","8":"product_cat-bergere-de-france","9":"product_cat-laine-par-marques","11":"first","12":"instock","13":"shipping-taxable","14":"purchasable","15":"product-type-variable"},"_links":{"self":[{"href":"http:\/\/pmiservices.fr\/mercerie\/wp-json\/wp\/v2\/product\/19087","targetHints":{"allow":["GET"]}}],"collection":[{"href":"http:\/\/pmiservices.fr\/mercerie\/wp-json\/wp\/v2\/product"}],"about":[{"href":"http:\/\/pmiservices.fr\/mercerie\/wp-json\/wp\/v2\/types\/product"}],"replies":[{"embeddable":true,"href":"http:\/\/pmiservices.fr\/mercerie\/wp-json\/wp\/v2\/comments?post=19087"}],"wp:featuredmedia":[{"embeddable":true,"href":"http:\/\/pmiservices.fr\/mercerie\/wp-json\/wp\/v2\/media\/19074"}],"wp:attachment":[{"href":"http:\/\/pmiservices.fr\/mercerie\/wp-json\/wp\/v2\/media?parent=19087"}],"wp:term":[{"taxonomy":"product_brand","embeddable":true,"href":"http:\/\/pmiservices.fr\/mercerie\/wp-json\/wp\/v2\/product_brand?post=19087"},{"taxonomy":"product_cat","embeddable":true,"href":"http:\/\/pmiservices.fr\/mercerie\/wp-json\/wp\/v2\/product_cat?post=19087"},{"taxonomy":"product_tag","embeddable":true,"href":"http:\/\/pmiservices.fr\/mercerie\/wp-json\/wp\/v2\/product_tag?post=19087"}],"curies":[{"name":"wp","href":"https:\/\/api.w.org\/{rel}","templated":true}]}}