{"id":18606,"date":"2024-12-17T15:25:39","date_gmt":"2024-12-17T14:25:39","guid":{"rendered":"http:\/\/pmiservices.fr\/mercerie\/?post_type=product&#038;p=18606"},"modified":"2024-12-17T15:25:39","modified_gmt":"2024-12-17T14:25:39","slug":"fermeture-deperlante-impermeable-et-non-separable-maille-6mm-14cm-et-18cm","status":"publish","type":"product","link":"http:\/\/pmiservices.fr\/mercerie\/boutique\/mercerie-classique\/fermetures-eclair\/fermetures-mailles-spirales\/spirales-non-separables\/fermeture-deperlante-impermeable-et-non-separable-maille-6mm-14cm-et-18cm\/","title":{"rendered":"Fermeture d\u00e9perlante, imperm\u00e9able et non s\u00e9parable, maille 6mm. 14cm et 18cm"},"content":{"rendered":"<p><img loading=\"lazy\" decoding=\"async\" class=\"alignnone size-full wp-image-18607\" src=\"http:\/\/pmiservices.fr\/mercerie\/wp-content\/uploads\/DEPERLANTE-NOIRE-460.jpg\" alt=\"\" width=\"347\" height=\"408\" srcset=\"http:\/\/pmiservices.fr\/mercerie\/wp-content\/uploads\/DEPERLANTE-NOIRE-460.jpg 347w, http:\/\/pmiservices.fr\/mercerie\/wp-content\/uploads\/DEPERLANTE-NOIRE-460-300x353.jpg 300w\" sizes=\"auto, (max-width: 347px) 100vw, 347px\" \/><\/p>\n","protected":false},"excerpt":{"rendered":"<p>Fermeture d\u00e9perlante, maille spirale 6mm, non s\u00e9parable, ton sur ton.<br \/>\nLa fermeture b\u00e9n\u00e9ficie d&#8217;un traitement d\u00e9perlant post-teinture qui est sensible au lavage. Donc particuli\u00e8rement adapt\u00e9e aux applications non lavables.<br \/>\nPeut \u00eatre coll\u00e9e avec des adh\u00e9sifs \u00e0 base de n\u00e9opr\u00e8ne.<\/p>\n","protected":false},"featured_media":18607,"comment_status":"open","ping_status":"closed","template":"","meta":{"kt_blocks_editor_width":""},"product_brand":[],"product_cat":[354,356,14,363],"product_tag":[],"class_list":{"0":"post-18606","1":"product","2":"type-product","3":"status-publish","4":"has-post-thumbnail","6":"product_cat-fermetures-eclair","7":"product_cat-fermetures-mailles-spirales","8":"product_cat-mercerie-classique","9":"product_cat-spirales-non-separables","11":"first","12":"instock","13":"shipping-taxable","14":"purchasable","15":"product-type-variable"},"_links":{"self":[{"href":"http:\/\/pmiservices.fr\/mercerie\/wp-json\/wp\/v2\/product\/18606","targetHints":{"allow":["GET"]}}],"collection":[{"href":"http:\/\/pmiservices.fr\/mercerie\/wp-json\/wp\/v2\/product"}],"about":[{"href":"http:\/\/pmiservices.fr\/mercerie\/wp-json\/wp\/v2\/types\/product"}],"replies":[{"embeddable":true,"href":"http:\/\/pmiservices.fr\/mercerie\/wp-json\/wp\/v2\/comments?post=18606"}],"wp:featuredmedia":[{"embeddable":true,"href":"http:\/\/pmiservices.fr\/mercerie\/wp-json\/wp\/v2\/media\/18607"}],"wp:attachment":[{"href":"http:\/\/pmiservices.fr\/mercerie\/wp-json\/wp\/v2\/media?parent=18606"}],"wp:term":[{"taxonomy":"product_brand","embeddable":true,"href":"http:\/\/pmiservices.fr\/mercerie\/wp-json\/wp\/v2\/product_brand?post=18606"},{"taxonomy":"product_cat","embeddable":true,"href":"http:\/\/pmiservices.fr\/mercerie\/wp-json\/wp\/v2\/product_cat?post=18606"},{"taxonomy":"product_tag","embeddable":true,"href":"http:\/\/pmiservices.fr\/mercerie\/wp-json\/wp\/v2\/product_tag?post=18606"}],"curies":[{"name":"wp","href":"https:\/\/api.w.org\/{rel}","templated":true}]}}