{"id":18076,"date":"2024-12-05T13:16:15","date_gmt":"2024-12-05T12:16:15","guid":{"rendered":"http:\/\/pmiservices.fr\/mercerie\/?post_type=product&#038;p=18076"},"modified":"2024-12-05T13:16:15","modified_gmt":"2024-12-05T12:16:15","slug":"metal-separable-maille-6mm-du-25cm-au-40cm-id-z19","status":"publish","type":"product","link":"http:\/\/pmiservices.fr\/mercerie\/boutique\/mercerie-classique\/fermetures-eclair\/fermeture-mailles-metallique\/mailles-metalliques-separables\/metal-separable-maille-6mm-du-25cm-au-40cm-id-z19\/","title":{"rendered":"M\u00e9tal s\u00e9parable maille 6mm du 25cm au 40cm (id z19)"},"content":{"rendered":"<p><img loading=\"lazy\" decoding=\"async\" class=\"alignnone size-full wp-image-18078\" src=\"http:\/\/pmiservices.fr\/mercerie\/wp-content\/uploads\/z19.jpg\" alt=\"\" width=\"207\" height=\"242\" \/><\/p>\n","protected":false},"excerpt":{"rendered":"<p>M\u00e9tal s\u00e9parable, maille 6mm, laiton vieil or, dor\u00e9 pour le blanc, blanc cass\u00e9 et rouge sang.<br \/>\nId\u00e9al blousons, anoraks, parkas..<\/p>\n","protected":false},"featured_media":18078,"comment_status":"open","ping_status":"closed","template":"","meta":{"kt_blocks_editor_width":""},"product_brand":[],"product_cat":[355,354,14,358],"product_tag":[],"class_list":{"0":"post-18076","1":"product","2":"type-product","3":"status-publish","4":"has-post-thumbnail","6":"product_cat-fermeture-mailles-metallique","7":"product_cat-fermetures-eclair","8":"product_cat-mercerie-classique","9":"product_cat-mailles-metalliques-separables","11":"first","12":"instock","13":"shipping-taxable","14":"purchasable","15":"product-type-variable"},"_links":{"self":[{"href":"http:\/\/pmiservices.fr\/mercerie\/wp-json\/wp\/v2\/product\/18076","targetHints":{"allow":["GET"]}}],"collection":[{"href":"http:\/\/pmiservices.fr\/mercerie\/wp-json\/wp\/v2\/product"}],"about":[{"href":"http:\/\/pmiservices.fr\/mercerie\/wp-json\/wp\/v2\/types\/product"}],"replies":[{"embeddable":true,"href":"http:\/\/pmiservices.fr\/mercerie\/wp-json\/wp\/v2\/comments?post=18076"}],"wp:featuredmedia":[{"embeddable":true,"href":"http:\/\/pmiservices.fr\/mercerie\/wp-json\/wp\/v2\/media\/18078"}],"wp:attachment":[{"href":"http:\/\/pmiservices.fr\/mercerie\/wp-json\/wp\/v2\/media?parent=18076"}],"wp:term":[{"taxonomy":"product_brand","embeddable":true,"href":"http:\/\/pmiservices.fr\/mercerie\/wp-json\/wp\/v2\/product_brand?post=18076"},{"taxonomy":"product_cat","embeddable":true,"href":"http:\/\/pmiservices.fr\/mercerie\/wp-json\/wp\/v2\/product_cat?post=18076"},{"taxonomy":"product_tag","embeddable":true,"href":"http:\/\/pmiservices.fr\/mercerie\/wp-json\/wp\/v2\/product_tag?post=18076"}],"curies":[{"name":"wp","href":"https:\/\/api.w.org\/{rel}","templated":true}]}}