{"id":17990,"date":"2024-12-03T18:40:50","date_gmt":"2024-12-03T17:40:50","guid":{"rendered":"http:\/\/pmiservices.fr\/mercerie\/?post_type=product&#038;p=17990"},"modified":"2024-12-03T18:42:20","modified_gmt":"2024-12-03T17:42:20","slug":"metal-non-separable-special-jean-id-z15","status":"publish","type":"product","link":"http:\/\/pmiservices.fr\/mercerie\/boutique\/mercerie-classique\/fermetures-eclair\/fermeture-mailles-metallique\/mailles-metalliques-non-separables\/metal-non-separable-special-jean-id-z15\/","title":{"rendered":"M\u00e9tal non s\u00e9parable sp\u00e9cial jean du 6cm au 20 cm (id z15)"},"content":{"rendered":"<p><img loading=\"lazy\" decoding=\"async\" class=\"alignnone size-medium wp-image-17993\" src=\"http:\/\/pmiservices.fr\/mercerie\/wp-content\/uploads\/metal-z15-333x600.jpg\" alt=\"\" width=\"333\" height=\"600\" srcset=\"http:\/\/pmiservices.fr\/mercerie\/wp-content\/uploads\/metal-z15-333x600.jpg 333w, http:\/\/pmiservices.fr\/mercerie\/wp-content\/uploads\/metal-z15-721x1300.jpg 721w, http:\/\/pmiservices.fr\/mercerie\/wp-content\/uploads\/metal-z15-768x1385.jpg 768w, http:\/\/pmiservices.fr\/mercerie\/wp-content\/uploads\/metal-z15-852x1536.jpg 852w, http:\/\/pmiservices.fr\/mercerie\/wp-content\/uploads\/metal-z15-1136x2048.jpg 1136w, http:\/\/pmiservices.fr\/mercerie\/wp-content\/uploads\/metal-z15-300x541.jpg 300w, http:\/\/pmiservices.fr\/mercerie\/wp-content\/uploads\/metal-z15.jpg 1307w\" sizes=\"auto, (max-width: 333px) 100vw, 333px\" \/><\/p>\n","protected":false},"excerpt":{"rendered":"<p>M\u00e9tal non s\u00e9parable. Mailles 6mm laiton vieil or.<br \/>\nSp\u00e9cial jean.<\/p>\n","protected":false},"featured_media":17993,"comment_status":"open","ping_status":"closed","template":"","meta":{"kt_blocks_editor_width":""},"product_brand":[],"product_cat":[354,14,359],"product_tag":[],"class_list":{"0":"post-17990","1":"product","2":"type-product","3":"status-publish","4":"has-post-thumbnail","6":"product_cat-fermetures-eclair","7":"product_cat-mercerie-classique","8":"product_cat-mailles-metalliques-non-separables","10":"first","11":"instock","12":"shipping-taxable","13":"purchasable","14":"product-type-variable"},"_links":{"self":[{"href":"http:\/\/pmiservices.fr\/mercerie\/wp-json\/wp\/v2\/product\/17990","targetHints":{"allow":["GET"]}}],"collection":[{"href":"http:\/\/pmiservices.fr\/mercerie\/wp-json\/wp\/v2\/product"}],"about":[{"href":"http:\/\/pmiservices.fr\/mercerie\/wp-json\/wp\/v2\/types\/product"}],"replies":[{"embeddable":true,"href":"http:\/\/pmiservices.fr\/mercerie\/wp-json\/wp\/v2\/comments?post=17990"}],"wp:featuredmedia":[{"embeddable":true,"href":"http:\/\/pmiservices.fr\/mercerie\/wp-json\/wp\/v2\/media\/17993"}],"wp:attachment":[{"href":"http:\/\/pmiservices.fr\/mercerie\/wp-json\/wp\/v2\/media?parent=17990"}],"wp:term":[{"taxonomy":"product_brand","embeddable":true,"href":"http:\/\/pmiservices.fr\/mercerie\/wp-json\/wp\/v2\/product_brand?post=17990"},{"taxonomy":"product_cat","embeddable":true,"href":"http:\/\/pmiservices.fr\/mercerie\/wp-json\/wp\/v2\/product_cat?post=17990"},{"taxonomy":"product_tag","embeddable":true,"href":"http:\/\/pmiservices.fr\/mercerie\/wp-json\/wp\/v2\/product_tag?post=17990"}],"curies":[{"name":"wp","href":"https:\/\/api.w.org\/{rel}","templated":true}]}}