{"id":17760,"date":"2024-11-29T17:55:12","date_gmt":"2024-11-29T16:55:12","guid":{"rendered":"http:\/\/pmiservices.fr\/mercerie\/?post_type=product&#038;p=17760"},"modified":"2024-12-06T10:55:28","modified_gmt":"2024-12-06T09:55:28","slug":"metal-non-separable-z14-du-15cm-au-20cm","status":"publish","type":"product","link":"http:\/\/pmiservices.fr\/mercerie\/boutique\/mercerie-classique\/fermetures-eclair\/fermeture-mailles-metallique\/mailles-metalliques-non-separables\/metal-non-separable-z14-du-15cm-au-20cm\/","title":{"rendered":"M\u00e9tal non s\u00e9parable Z14 (du 15cm au 20cm)"},"content":{"rendered":"<p><img loading=\"lazy\" decoding=\"async\" class=\"alignnone size-medium wp-image-17735\" src=\"http:\/\/pmiservices.fr\/mercerie\/wp-content\/uploads\/metal-z14-2-Copier-450x600.jpg\" alt=\"\" width=\"450\" height=\"600\" \/><\/p>\n","protected":false},"excerpt":{"rendered":"<p>Fermeture m\u00e9tal non s\u00e9parable (id Z14). Mailles 6mm, laiton (vieil or pour les coloris blanc, blanc cass\u00e9 et rouge sang).<br \/>\nId\u00e9al pour jeans, pantalons, poches.<\/p>\n","protected":false},"featured_media":0,"comment_status":"open","ping_status":"closed","template":"","meta":{"kt_blocks_editor_width":""},"product_brand":[],"product_cat":[355,354,359],"product_tag":[],"class_list":{"0":"post-17760","1":"product","2":"type-product","3":"status-publish","5":"product_cat-fermeture-mailles-metallique","6":"product_cat-fermetures-eclair","7":"product_cat-mailles-metalliques-non-separables","9":"first","10":"instock","11":"shipping-taxable","12":"purchasable","13":"product-type-variable"},"_links":{"self":[{"href":"http:\/\/pmiservices.fr\/mercerie\/wp-json\/wp\/v2\/product\/17760","targetHints":{"allow":["GET"]}}],"collection":[{"href":"http:\/\/pmiservices.fr\/mercerie\/wp-json\/wp\/v2\/product"}],"about":[{"href":"http:\/\/pmiservices.fr\/mercerie\/wp-json\/wp\/v2\/types\/product"}],"replies":[{"embeddable":true,"href":"http:\/\/pmiservices.fr\/mercerie\/wp-json\/wp\/v2\/comments?post=17760"}],"wp:attachment":[{"href":"http:\/\/pmiservices.fr\/mercerie\/wp-json\/wp\/v2\/media?parent=17760"}],"wp:term":[{"taxonomy":"product_brand","embeddable":true,"href":"http:\/\/pmiservices.fr\/mercerie\/wp-json\/wp\/v2\/product_brand?post=17760"},{"taxonomy":"product_cat","embeddable":true,"href":"http:\/\/pmiservices.fr\/mercerie\/wp-json\/wp\/v2\/product_cat?post=17760"},{"taxonomy":"product_tag","embeddable":true,"href":"http:\/\/pmiservices.fr\/mercerie\/wp-json\/wp\/v2\/product_tag?post=17760"}],"curies":[{"name":"wp","href":"https:\/\/api.w.org\/{rel}","templated":true}]}}