{"id":17289,"date":"2024-06-26T07:57:49","date_gmt":"2024-06-26T06:57:49","guid":{"rendered":"http:\/\/pmiservices.fr\/mercerie\/?post_type=product&#038;p=17289"},"modified":"2024-06-26T08:01:00","modified_gmt":"2024-06-26T07:01:00","slug":"bossa-nova-de-katia-2-coloris","status":"publish","type":"product","link":"http:\/\/pmiservices.fr\/mercerie\/boutique\/tout-pour-le-tricot\/laine-par-marques\/laine-katia\/bossa-nova-de-katia-2-coloris\/","title":{"rendered":"BOSSA NOVA de Katia (2 coloris)"},"content":{"rendered":"<p><img loading=\"lazy\" decoding=\"async\" class=\"alignnone size-medium wp-image-17277\" src=\"http:\/\/pmiservices.fr\/mercerie\/wp-content\/uploads\/bossa-nova-gris-71-5-Copier-600x450.jpg\" alt=\"\" width=\"600\" height=\"450\" srcset=\"http:\/\/pmiservices.fr\/mercerie\/wp-content\/uploads\/bossa-nova-gris-71-5-Copier-600x450.jpg 600w, http:\/\/pmiservices.fr\/mercerie\/wp-content\/uploads\/bossa-nova-gris-71-5-Copier-1300x975.jpg 1300w, http:\/\/pmiservices.fr\/mercerie\/wp-content\/uploads\/bossa-nova-gris-71-5-Copier-768x576.jpg 768w, http:\/\/pmiservices.fr\/mercerie\/wp-content\/uploads\/bossa-nova-gris-71-5-Copier-1536x1152.jpg 1536w, http:\/\/pmiservices.fr\/mercerie\/wp-content\/uploads\/bossa-nova-gris-71-5-Copier-2048x1536.jpg 2048w, http:\/\/pmiservices.fr\/mercerie\/wp-content\/uploads\/bossa-nova-gris-71-5-Copier-300x225.jpg 300w\" sizes=\"auto, (max-width: 600px) 100vw, 600px\" \/> <img loading=\"lazy\" decoding=\"async\" class=\"alignnone size-medium wp-image-17278\" src=\"http:\/\/pmiservices.fr\/mercerie\/wp-content\/uploads\/bossa-nova-jean-70-Copier-450x600.jpg\" alt=\"\" width=\"450\" height=\"600\" srcset=\"http:\/\/pmiservices.fr\/mercerie\/wp-content\/uploads\/bossa-nova-jean-70-Copier-450x600.jpg 450w, http:\/\/pmiservices.fr\/mercerie\/wp-content\/uploads\/bossa-nova-jean-70-Copier-975x1300.jpg 975w, http:\/\/pmiservices.fr\/mercerie\/wp-content\/uploads\/bossa-nova-jean-70-Copier-768x1024.jpg 768w, http:\/\/pmiservices.fr\/mercerie\/wp-content\/uploads\/bossa-nova-jean-70-Copier-1152x1536.jpg 1152w, http:\/\/pmiservices.fr\/mercerie\/wp-content\/uploads\/bossa-nova-jean-70-Copier-1536x2048.jpg 1536w, http:\/\/pmiservices.fr\/mercerie\/wp-content\/uploads\/bossa-nova-jean-70-Copier-300x400.jpg 300w, http:\/\/pmiservices.fr\/mercerie\/wp-content\/uploads\/bossa-nova-jean-70-Copier.jpg 1814w\" sizes=\"auto, (max-width: 450px) 100vw, 450px\" \/><img loading=\"lazy\" decoding=\"async\" class=\"alignnone size-medium wp-image-17292\" src=\"http:\/\/pmiservices.fr\/mercerie\/wp-content\/uploads\/EXPL-SOLE-1-Copier-450x600.jpg\" alt=\"\" width=\"450\" height=\"600\" srcset=\"http:\/\/pmiservices.fr\/mercerie\/wp-content\/uploads\/EXPL-SOLE-1-Copier-450x600.jpg 450w, http:\/\/pmiservices.fr\/mercerie\/wp-content\/uploads\/EXPL-SOLE-1-Copier-975x1300.jpg 975w, http:\/\/pmiservices.fr\/mercerie\/wp-content\/uploads\/EXPL-SOLE-1-Copier-768x1024.jpg 768w, http:\/\/pmiservices.fr\/mercerie\/wp-content\/uploads\/EXPL-SOLE-1-Copier-1152x1536.jpg 1152w, http:\/\/pmiservices.fr\/mercerie\/wp-content\/uploads\/EXPL-SOLE-1-Copier-1536x2048.jpg 1536w, http:\/\/pmiservices.fr\/mercerie\/wp-content\/uploads\/EXPL-SOLE-1-Copier-300x400.jpg 300w, http:\/\/pmiservices.fr\/mercerie\/wp-content\/uploads\/EXPL-SOLE-1-Copier.jpg 1858w\" sizes=\"auto, (max-width: 450px) 100vw, 450px\" \/><\/p>\n","protected":false},"excerpt":{"rendered":"<p>Laine BOSSA NOVA de Katia. Pelote 50gr, env.13m. 72% coton, 28% polyamide. Aiguilles 4,5\/5.<br \/>\nFil volant\u00e9 d\u00e9grad\u00e9. Se tricote comme la laine sole de Katia, 2 pelotes pour 1 \u00e9charpes.<\/p>\n","protected":false},"featured_media":17278,"comment_status":"open","ping_status":"closed","template":"","meta":{"kt_blocks_editor_width":""},"product_brand":[],"product_cat":[130,15,265,263,22,27],"product_tag":[],"class_list":{"0":"post-17289","1":"product","2":"type-product","3":"status-publish","4":"has-post-thumbnail","6":"product_cat-coin-des-bonnes-affaires","7":"product_cat-tout-pour-le-tricot","8":"product_cat-laine-katia","9":"product_cat-laine-par-marques","10":"product_cat-laine-ete","11":"product_cat-laine-speciale-echarpes-ou-accessoires","13":"first","14":"instock","15":"sale","16":"shipping-taxable","17":"purchasable","18":"product-type-variable"},"_links":{"self":[{"href":"http:\/\/pmiservices.fr\/mercerie\/wp-json\/wp\/v2\/product\/17289","targetHints":{"allow":["GET"]}}],"collection":[{"href":"http:\/\/pmiservices.fr\/mercerie\/wp-json\/wp\/v2\/product"}],"about":[{"href":"http:\/\/pmiservices.fr\/mercerie\/wp-json\/wp\/v2\/types\/product"}],"replies":[{"embeddable":true,"href":"http:\/\/pmiservices.fr\/mercerie\/wp-json\/wp\/v2\/comments?post=17289"}],"wp:featuredmedia":[{"embeddable":true,"href":"http:\/\/pmiservices.fr\/mercerie\/wp-json\/wp\/v2\/media\/17278"}],"wp:attachment":[{"href":"http:\/\/pmiservices.fr\/mercerie\/wp-json\/wp\/v2\/media?parent=17289"}],"wp:term":[{"taxonomy":"product_brand","embeddable":true,"href":"http:\/\/pmiservices.fr\/mercerie\/wp-json\/wp\/v2\/product_brand?post=17289"},{"taxonomy":"product_cat","embeddable":true,"href":"http:\/\/pmiservices.fr\/mercerie\/wp-json\/wp\/v2\/product_cat?post=17289"},{"taxonomy":"product_tag","embeddable":true,"href":"http:\/\/pmiservices.fr\/mercerie\/wp-json\/wp\/v2\/product_tag?post=17289"}],"curies":[{"name":"wp","href":"https:\/\/api.w.org\/{rel}","templated":true}]}}