{"id":16586,"date":"2023-12-01T15:22:58","date_gmt":"2023-12-01T14:22:58","guid":{"rendered":"http:\/\/pmiservices.fr\/mercerie\/?post_type=product&#038;p=16586"},"modified":"2023-12-02T08:06:28","modified_gmt":"2023-12-02T07:06:28","slug":"rubans-dores-25mm-a-40mm-prix-au-metre","status":"publish","type":"product","link":"http:\/\/pmiservices.fr\/mercerie\/boutique\/rubans\/rubans-noel\/rubans-dores-25mm-a-40mm-prix-au-metre\/","title":{"rendered":"Rubans dor\u00e9s 25mm \u00e0 40mm Prix au m\u00e8tre"},"content":{"rendered":"<p><img loading=\"lazy\" decoding=\"async\" class=\"alignnone size-medium wp-image-16626\" src=\"http:\/\/pmiservices.fr\/mercerie\/wp-content\/uploads\/25-1-Copier-477x600.jpg\" alt=\"\" width=\"477\" height=\"600\" srcset=\"http:\/\/pmiservices.fr\/mercerie\/wp-content\/uploads\/25-1-Copier-477x600.jpg 477w, http:\/\/pmiservices.fr\/mercerie\/wp-content\/uploads\/25-1-Copier-1034x1300.jpg 1034w, http:\/\/pmiservices.fr\/mercerie\/wp-content\/uploads\/25-1-Copier-768x966.jpg 768w, http:\/\/pmiservices.fr\/mercerie\/wp-content\/uploads\/25-1-Copier-1222x1536.jpg 1222w, http:\/\/pmiservices.fr\/mercerie\/wp-content\/uploads\/25-1-Copier-1629x2048.jpg 1629w, http:\/\/pmiservices.fr\/mercerie\/wp-content\/uploads\/25-1-Copier-300x377.jpg 300w, http:\/\/pmiservices.fr\/mercerie\/wp-content\/uploads\/25-1-Copier.jpg 1814w\" sizes=\"auto, (max-width: 477px) 100vw, 477px\" \/><img loading=\"lazy\" decoding=\"async\" class=\"alignnone size-medium wp-image-16628\" src=\"http:\/\/pmiservices.fr\/mercerie\/wp-content\/uploads\/25-3-Copier-600x450.jpg\" alt=\"\" width=\"600\" height=\"450\" srcset=\"http:\/\/pmiservices.fr\/mercerie\/wp-content\/uploads\/25-3-Copier-600x450.jpg 600w, http:\/\/pmiservices.fr\/mercerie\/wp-content\/uploads\/25-3-Copier-1300x975.jpg 1300w, http:\/\/pmiservices.fr\/mercerie\/wp-content\/uploads\/25-3-Copier-768x576.jpg 768w, http:\/\/pmiservices.fr\/mercerie\/wp-content\/uploads\/25-3-Copier-1536x1152.jpg 1536w, http:\/\/pmiservices.fr\/mercerie\/wp-content\/uploads\/25-3-Copier-2048x1536.jpg 2048w, http:\/\/pmiservices.fr\/mercerie\/wp-content\/uploads\/25-3-Copier-300x225.jpg 300w\" sizes=\"auto, (max-width: 600px) 100vw, 600px\" \/><img loading=\"lazy\" decoding=\"async\" class=\"alignnone size-medium wp-image-16587\" src=\"http:\/\/pmiservices.fr\/mercerie\/wp-content\/uploads\/36-1-Copier-600x450.jpg\" alt=\"\" width=\"600\" height=\"450\" srcset=\"http:\/\/pmiservices.fr\/mercerie\/wp-content\/uploads\/36-1-Copier-600x450.jpg 600w, http:\/\/pmiservices.fr\/mercerie\/wp-content\/uploads\/36-1-Copier-1300x975.jpg 1300w, http:\/\/pmiservices.fr\/mercerie\/wp-content\/uploads\/36-1-Copier-768x576.jpg 768w, http:\/\/pmiservices.fr\/mercerie\/wp-content\/uploads\/36-1-Copier-1536x1152.jpg 1536w, http:\/\/pmiservices.fr\/mercerie\/wp-content\/uploads\/36-1-Copier-2048x1536.jpg 2048w, http:\/\/pmiservices.fr\/mercerie\/wp-content\/uploads\/36-1-Copier-300x225.jpg 300w\" sizes=\"auto, (max-width: 600px) 100vw, 600px\" \/> <img loading=\"lazy\" decoding=\"async\" class=\"alignnone size-medium wp-image-16588\" src=\"http:\/\/pmiservices.fr\/mercerie\/wp-content\/uploads\/40-6-Copier-517x600.jpg\" alt=\"\" width=\"517\" height=\"600\" srcset=\"http:\/\/pmiservices.fr\/mercerie\/wp-content\/uploads\/40-6-Copier-517x600.jpg 517w, http:\/\/pmiservices.fr\/mercerie\/wp-content\/uploads\/40-6-Copier-1119x1300.jpg 1119w, http:\/\/pmiservices.fr\/mercerie\/wp-content\/uploads\/40-6-Copier-768x892.jpg 768w, http:\/\/pmiservices.fr\/mercerie\/wp-content\/uploads\/40-6-Copier-1322x1536.jpg 1322w, http:\/\/pmiservices.fr\/mercerie\/wp-content\/uploads\/40-6-Copier-1763x2048.jpg 1763w, http:\/\/pmiservices.fr\/mercerie\/wp-content\/uploads\/40-6-Copier-300x348.jpg 300w, http:\/\/pmiservices.fr\/mercerie\/wp-content\/uploads\/40-6-Copier.jpg 1814w\" sizes=\"auto, (max-width: 517px) 100vw, 517px\" \/> <img loading=\"lazy\" decoding=\"async\" class=\"alignnone size-medium wp-image-16589\" src=\"http:\/\/pmiservices.fr\/mercerie\/wp-content\/uploads\/40-7-Copier-600x450.jpg\" alt=\"\" width=\"600\" height=\"450\" srcset=\"http:\/\/pmiservices.fr\/mercerie\/wp-content\/uploads\/40-7-Copier-600x450.jpg 600w, http:\/\/pmiservices.fr\/mercerie\/wp-content\/uploads\/40-7-Copier-1300x975.jpg 1300w, http:\/\/pmiservices.fr\/mercerie\/wp-content\/uploads\/40-7-Copier-768x576.jpg 768w, http:\/\/pmiservices.fr\/mercerie\/wp-content\/uploads\/40-7-Copier-1536x1152.jpg 1536w, http:\/\/pmiservices.fr\/mercerie\/wp-content\/uploads\/40-7-Copier-2048x1536.jpg 2048w, http:\/\/pmiservices.fr\/mercerie\/wp-content\/uploads\/40-7-Copier-300x225.jpg 300w\" sizes=\"auto, (max-width: 600px) 100vw, 600px\" \/> <img loading=\"lazy\" decoding=\"async\" class=\"alignnone size-medium wp-image-16590\" src=\"http:\/\/pmiservices.fr\/mercerie\/wp-content\/uploads\/20-2-1-Copier-1-600x450.jpg\" alt=\"\" width=\"600\" height=\"450\" srcset=\"http:\/\/pmiservices.fr\/mercerie\/wp-content\/uploads\/20-2-1-Copier-1-600x450.jpg 600w, http:\/\/pmiservices.fr\/mercerie\/wp-content\/uploads\/20-2-1-Copier-1-1300x975.jpg 1300w, http:\/\/pmiservices.fr\/mercerie\/wp-content\/uploads\/20-2-1-Copier-1-768x576.jpg 768w, http:\/\/pmiservices.fr\/mercerie\/wp-content\/uploads\/20-2-1-Copier-1-1536x1152.jpg 1536w, http:\/\/pmiservices.fr\/mercerie\/wp-content\/uploads\/20-2-1-Copier-1-2048x1536.jpg 2048w, http:\/\/pmiservices.fr\/mercerie\/wp-content\/uploads\/20-2-1-Copier-1-300x225.jpg 300w\" sizes=\"auto, (max-width: 600px) 100vw, 600px\" \/> <img loading=\"lazy\" decoding=\"async\" class=\"alignnone size-medium wp-image-16591\" src=\"http:\/\/pmiservices.fr\/mercerie\/wp-content\/uploads\/25-2-Copier-600x468.jpg\" alt=\"\" width=\"600\" height=\"468\" srcset=\"http:\/\/pmiservices.fr\/mercerie\/wp-content\/uploads\/25-2-Copier-600x468.jpg 600w, http:\/\/pmiservices.fr\/mercerie\/wp-content\/uploads\/25-2-Copier-1300x1013.jpg 1300w, http:\/\/pmiservices.fr\/mercerie\/wp-content\/uploads\/25-2-Copier-768x599.jpg 768w, http:\/\/pmiservices.fr\/mercerie\/wp-content\/uploads\/25-2-Copier-1536x1197.jpg 1536w, http:\/\/pmiservices.fr\/mercerie\/wp-content\/uploads\/25-2-Copier-2048x1597.jpg 2048w, http:\/\/pmiservices.fr\/mercerie\/wp-content\/uploads\/25-2-Copier-300x234.jpg 300w\" sizes=\"auto, (max-width: 600px) 100vw, 600px\" \/> <img loading=\"lazy\" decoding=\"async\" class=\"alignnone size-medium wp-image-16592\" src=\"http:\/\/pmiservices.fr\/mercerie\/wp-content\/uploads\/25-7-Copier-600x450.jpg\" alt=\"\" width=\"600\" height=\"450\" srcset=\"http:\/\/pmiservices.fr\/mercerie\/wp-content\/uploads\/25-7-Copier-600x450.jpg 600w, http:\/\/pmiservices.fr\/mercerie\/wp-content\/uploads\/25-7-Copier-1300x975.jpg 1300w, http:\/\/pmiservices.fr\/mercerie\/wp-content\/uploads\/25-7-Copier-768x576.jpg 768w, http:\/\/pmiservices.fr\/mercerie\/wp-content\/uploads\/25-7-Copier-1536x1152.jpg 1536w, http:\/\/pmiservices.fr\/mercerie\/wp-content\/uploads\/25-7-Copier-2048x1536.jpg 2048w, http:\/\/pmiservices.fr\/mercerie\/wp-content\/uploads\/25-7-Copier-300x225.jpg 300w\" sizes=\"auto, (max-width: 600px) 100vw, 600px\" \/> <img loading=\"lazy\" decoding=\"async\" class=\"alignnone size-medium wp-image-16593\" src=\"http:\/\/pmiservices.fr\/mercerie\/wp-content\/uploads\/25-8b-Copier-600x450.jpg\" alt=\"\" width=\"600\" height=\"450\" srcset=\"http:\/\/pmiservices.fr\/mercerie\/wp-content\/uploads\/25-8b-Copier-600x450.jpg 600w, http:\/\/pmiservices.fr\/mercerie\/wp-content\/uploads\/25-8b-Copier-1300x975.jpg 1300w, http:\/\/pmiservices.fr\/mercerie\/wp-content\/uploads\/25-8b-Copier-768x576.jpg 768w, http:\/\/pmiservices.fr\/mercerie\/wp-content\/uploads\/25-8b-Copier-1536x1152.jpg 1536w, http:\/\/pmiservices.fr\/mercerie\/wp-content\/uploads\/25-8b-Copier-2048x1536.jpg 2048w, http:\/\/pmiservices.fr\/mercerie\/wp-content\/uploads\/25-8b-Copier-300x225.jpg 300w\" sizes=\"auto, (max-width: 600px) 100vw, 600px\" \/> <img loading=\"lazy\" decoding=\"async\" class=\"alignnone size-medium wp-image-16594\" src=\"http:\/\/pmiservices.fr\/mercerie\/wp-content\/uploads\/25-9-Copier-600x450.jpg\" alt=\"\" width=\"600\" height=\"450\" srcset=\"http:\/\/pmiservices.fr\/mercerie\/wp-content\/uploads\/25-9-Copier-600x450.jpg 600w, http:\/\/pmiservices.fr\/mercerie\/wp-content\/uploads\/25-9-Copier-1300x975.jpg 1300w, http:\/\/pmiservices.fr\/mercerie\/wp-content\/uploads\/25-9-Copier-768x576.jpg 768w, http:\/\/pmiservices.fr\/mercerie\/wp-content\/uploads\/25-9-Copier-1536x1152.jpg 1536w, http:\/\/pmiservices.fr\/mercerie\/wp-content\/uploads\/25-9-Copier-2048x1536.jpg 2048w, http:\/\/pmiservices.fr\/mercerie\/wp-content\/uploads\/25-9-Copier-300x225.jpg 300w\" sizes=\"auto, (max-width: 600px) 100vw, 600px\" \/> <img loading=\"lazy\" decoding=\"async\" class=\"alignnone size-medium wp-image-16595\" src=\"http:\/\/pmiservices.fr\/mercerie\/wp-content\/uploads\/25-10B-Copier-600x450.jpg\" alt=\"\" width=\"600\" height=\"450\" srcset=\"http:\/\/pmiservices.fr\/mercerie\/wp-content\/uploads\/25-10B-Copier-600x450.jpg 600w, http:\/\/pmiservices.fr\/mercerie\/wp-content\/uploads\/25-10B-Copier-1300x975.jpg 1300w, http:\/\/pmiservices.fr\/mercerie\/wp-content\/uploads\/25-10B-Copier-768x576.jpg 768w, http:\/\/pmiservices.fr\/mercerie\/wp-content\/uploads\/25-10B-Copier-1536x1152.jpg 1536w, http:\/\/pmiservices.fr\/mercerie\/wp-content\/uploads\/25-10B-Copier-2048x1536.jpg 2048w, http:\/\/pmiservices.fr\/mercerie\/wp-content\/uploads\/25-10B-Copier-300x225.jpg 300w\" sizes=\"auto, (max-width: 600px) 100vw, 600px\" \/> <img loading=\"lazy\" decoding=\"async\" class=\"alignnone size-medium wp-image-16596\" src=\"http:\/\/pmiservices.fr\/mercerie\/wp-content\/uploads\/30-1b-Copier-600x450.jpg\" alt=\"\" width=\"600\" height=\"450\" srcset=\"http:\/\/pmiservices.fr\/mercerie\/wp-content\/uploads\/30-1b-Copier-600x450.jpg 600w, http:\/\/pmiservices.fr\/mercerie\/wp-content\/uploads\/30-1b-Copier-1300x975.jpg 1300w, http:\/\/pmiservices.fr\/mercerie\/wp-content\/uploads\/30-1b-Copier-768x576.jpg 768w, http:\/\/pmiservices.fr\/mercerie\/wp-content\/uploads\/30-1b-Copier-1536x1152.jpg 1536w, http:\/\/pmiservices.fr\/mercerie\/wp-content\/uploads\/30-1b-Copier-2048x1536.jpg 2048w, http:\/\/pmiservices.fr\/mercerie\/wp-content\/uploads\/30-1b-Copier-300x225.jpg 300w\" sizes=\"auto, (max-width: 600px) 100vw, 600px\" \/> <img loading=\"lazy\" decoding=\"async\" class=\"alignnone size-medium wp-image-16597\" src=\"http:\/\/pmiservices.fr\/mercerie\/wp-content\/uploads\/35-1-Copier-600x450.jpg\" alt=\"\" width=\"600\" height=\"450\" srcset=\"http:\/\/pmiservices.fr\/mercerie\/wp-content\/uploads\/35-1-Copier-600x450.jpg 600w, http:\/\/pmiservices.fr\/mercerie\/wp-content\/uploads\/35-1-Copier-1300x975.jpg 1300w, http:\/\/pmiservices.fr\/mercerie\/wp-content\/uploads\/35-1-Copier-768x576.jpg 768w, http:\/\/pmiservices.fr\/mercerie\/wp-content\/uploads\/35-1-Copier-1536x1152.jpg 1536w, http:\/\/pmiservices.fr\/mercerie\/wp-content\/uploads\/35-1-Copier-2048x1536.jpg 2048w, http:\/\/pmiservices.fr\/mercerie\/wp-content\/uploads\/35-1-Copier-300x225.jpg 300w\" sizes=\"auto, (max-width: 600px) 100vw, 600px\" \/> <img loading=\"lazy\" decoding=\"async\" class=\"alignnone size-medium wp-image-16598\" src=\"http:\/\/pmiservices.fr\/mercerie\/wp-content\/uploads\/35-2b-Copier-600x450.jpg\" alt=\"\" width=\"600\" height=\"450\" srcset=\"http:\/\/pmiservices.fr\/mercerie\/wp-content\/uploads\/35-2b-Copier-600x450.jpg 600w, http:\/\/pmiservices.fr\/mercerie\/wp-content\/uploads\/35-2b-Copier-1300x975.jpg 1300w, http:\/\/pmiservices.fr\/mercerie\/wp-content\/uploads\/35-2b-Copier-768x576.jpg 768w, http:\/\/pmiservices.fr\/mercerie\/wp-content\/uploads\/35-2b-Copier-1536x1152.jpg 1536w, http:\/\/pmiservices.fr\/mercerie\/wp-content\/uploads\/35-2b-Copier-2048x1536.jpg 2048w, http:\/\/pmiservices.fr\/mercerie\/wp-content\/uploads\/35-2b-Copier-300x225.jpg 300w\" sizes=\"auto, (max-width: 600px) 100vw, 600px\" \/><\/p>\n","protected":false},"excerpt":{"rendered":"","protected":false},"featured_media":16588,"comment_status":"open","ping_status":"closed","template":"","meta":{"kt_blocks_editor_width":""},"product_brand":[],"product_cat":[115,128],"product_tag":[],"class_list":{"0":"post-16586","1":"product","2":"type-product","3":"status-publish","4":"has-post-thumbnail","6":"product_cat-rubans","7":"product_cat-rubans-noel","9":"first","10":"instock","11":"shipping-taxable","12":"purchasable","13":"product-type-variable"},"_links":{"self":[{"href":"http:\/\/pmiservices.fr\/mercerie\/wp-json\/wp\/v2\/product\/16586","targetHints":{"allow":["GET"]}}],"collection":[{"href":"http:\/\/pmiservices.fr\/mercerie\/wp-json\/wp\/v2\/product"}],"about":[{"href":"http:\/\/pmiservices.fr\/mercerie\/wp-json\/wp\/v2\/types\/product"}],"replies":[{"embeddable":true,"href":"http:\/\/pmiservices.fr\/mercerie\/wp-json\/wp\/v2\/comments?post=16586"}],"wp:featuredmedia":[{"embeddable":true,"href":"http:\/\/pmiservices.fr\/mercerie\/wp-json\/wp\/v2\/media\/16588"}],"wp:attachment":[{"href":"http:\/\/pmiservices.fr\/mercerie\/wp-json\/wp\/v2\/media?parent=16586"}],"wp:term":[{"taxonomy":"product_brand","embeddable":true,"href":"http:\/\/pmiservices.fr\/mercerie\/wp-json\/wp\/v2\/product_brand?post=16586"},{"taxonomy":"product_cat","embeddable":true,"href":"http:\/\/pmiservices.fr\/mercerie\/wp-json\/wp\/v2\/product_cat?post=16586"},{"taxonomy":"product_tag","embeddable":true,"href":"http:\/\/pmiservices.fr\/mercerie\/wp-json\/wp\/v2\/product_tag?post=16586"}],"curies":[{"name":"wp","href":"https:\/\/api.w.org\/{rel}","templated":true}]}}