{"id":16510,"date":"2023-11-28T10:01:38","date_gmt":"2023-11-28T09:01:38","guid":{"rendered":"http:\/\/pmiservices.fr\/mercerie\/?post_type=product&#038;p=16510"},"modified":"2023-11-28T10:12:58","modified_gmt":"2023-11-28T09:12:58","slug":"rubans-dores-2mm-a-20mm-prix-au-metre","status":"publish","type":"product","link":"http:\/\/pmiservices.fr\/mercerie\/boutique\/rubans\/rubans-noel\/rubans-dores-2mm-a-20mm-prix-au-metre\/","title":{"rendered":"Rubans dor\u00e9s 2mm \u00e0 20mm (prix au m\u00e8tre)"},"content":{"rendered":"<p><img loading=\"lazy\" decoding=\"async\" class=\"alignnone size-medium wp-image-16511\" src=\"http:\/\/pmiservices.fr\/mercerie\/wp-content\/uploads\/2-1-cordelette-dore-rouge-vert-Copier-450x600.jpg\" alt=\"\" width=\"450\" height=\"600\" srcset=\"http:\/\/pmiservices.fr\/mercerie\/wp-content\/uploads\/2-1-cordelette-dore-rouge-vert-Copier-450x600.jpg 450w, http:\/\/pmiservices.fr\/mercerie\/wp-content\/uploads\/2-1-cordelette-dore-rouge-vert-Copier-975x1300.jpg 975w, http:\/\/pmiservices.fr\/mercerie\/wp-content\/uploads\/2-1-cordelette-dore-rouge-vert-Copier-768x1024.jpg 768w, http:\/\/pmiservices.fr\/mercerie\/wp-content\/uploads\/2-1-cordelette-dore-rouge-vert-Copier-1152x1536.jpg 1152w, http:\/\/pmiservices.fr\/mercerie\/wp-content\/uploads\/2-1-cordelette-dore-rouge-vert-Copier-1536x2048.jpg 1536w, http:\/\/pmiservices.fr\/mercerie\/wp-content\/uploads\/2-1-cordelette-dore-rouge-vert-Copier-300x400.jpg 300w, http:\/\/pmiservices.fr\/mercerie\/wp-content\/uploads\/2-1-cordelette-dore-rouge-vert-Copier.jpg 1814w\" sizes=\"auto, (max-width: 450px) 100vw, 450px\" \/> \u00a0<img loading=\"lazy\" decoding=\"async\" class=\"alignnone size-medium wp-image-16513\" src=\"http:\/\/pmiservices.fr\/mercerie\/wp-content\/uploads\/3-2b-Copier-600x530.jpg\" alt=\"\" width=\"600\" height=\"530\" srcset=\"http:\/\/pmiservices.fr\/mercerie\/wp-content\/uploads\/3-2b-Copier-600x530.jpg 600w, http:\/\/pmiservices.fr\/mercerie\/wp-content\/uploads\/3-2b-Copier-1300x1149.jpg 1300w, http:\/\/pmiservices.fr\/mercerie\/wp-content\/uploads\/3-2b-Copier-768x678.jpg 768w, http:\/\/pmiservices.fr\/mercerie\/wp-content\/uploads\/3-2b-Copier-1536x1357.jpg 1536w, http:\/\/pmiservices.fr\/mercerie\/wp-content\/uploads\/3-2b-Copier-300x265.jpg 300w, http:\/\/pmiservices.fr\/mercerie\/wp-content\/uploads\/3-2b-Copier.jpg 1802w\" sizes=\"auto, (max-width: 600px) 100vw, 600px\" \/> <img loading=\"lazy\" decoding=\"async\" class=\"alignnone size-medium wp-image-16514\" src=\"http:\/\/pmiservices.fr\/mercerie\/wp-content\/uploads\/6-1-Copier-600x450.jpg\" alt=\"\" width=\"600\" height=\"450\" srcset=\"http:\/\/pmiservices.fr\/mercerie\/wp-content\/uploads\/6-1-Copier-600x450.jpg 600w, http:\/\/pmiservices.fr\/mercerie\/wp-content\/uploads\/6-1-Copier-1300x975.jpg 1300w, http:\/\/pmiservices.fr\/mercerie\/wp-content\/uploads\/6-1-Copier-768x576.jpg 768w, http:\/\/pmiservices.fr\/mercerie\/wp-content\/uploads\/6-1-Copier-1536x1152.jpg 1536w, http:\/\/pmiservices.fr\/mercerie\/wp-content\/uploads\/6-1-Copier-2048x1536.jpg 2048w, http:\/\/pmiservices.fr\/mercerie\/wp-content\/uploads\/6-1-Copier-300x225.jpg 300w\" sizes=\"auto, (max-width: 600px) 100vw, 600px\" \/> <img loading=\"lazy\" decoding=\"async\" class=\"alignnone size-medium wp-image-16515\" src=\"http:\/\/pmiservices.fr\/mercerie\/wp-content\/uploads\/15-1-Copier-600x409.jpg\" alt=\"\" width=\"600\" height=\"409\" srcset=\"http:\/\/pmiservices.fr\/mercerie\/wp-content\/uploads\/15-1-Copier-600x409.jpg 600w, http:\/\/pmiservices.fr\/mercerie\/wp-content\/uploads\/15-1-Copier-1300x885.jpg 1300w, http:\/\/pmiservices.fr\/mercerie\/wp-content\/uploads\/15-1-Copier-768x523.jpg 768w, http:\/\/pmiservices.fr\/mercerie\/wp-content\/uploads\/15-1-Copier-1536x1046.jpg 1536w, http:\/\/pmiservices.fr\/mercerie\/wp-content\/uploads\/15-1-Copier-2048x1395.jpg 2048w, http:\/\/pmiservices.fr\/mercerie\/wp-content\/uploads\/15-1-Copier-300x204.jpg 300w, http:\/\/pmiservices.fr\/mercerie\/wp-content\/uploads\/15-1-Copier.jpg 2166w\" sizes=\"auto, (max-width: 600px) 100vw, 600px\" \/> <img loading=\"lazy\" decoding=\"async\" class=\"alignnone size-medium wp-image-16516\" src=\"http:\/\/pmiservices.fr\/mercerie\/wp-content\/uploads\/20-2-Copier-600x450.jpg\" alt=\"\" width=\"600\" height=\"450\" srcset=\"http:\/\/pmiservices.fr\/mercerie\/wp-content\/uploads\/20-2-Copier-600x450.jpg 600w, http:\/\/pmiservices.fr\/mercerie\/wp-content\/uploads\/20-2-Copier-1300x975.jpg 1300w, http:\/\/pmiservices.fr\/mercerie\/wp-content\/uploads\/20-2-Copier-768x576.jpg 768w, http:\/\/pmiservices.fr\/mercerie\/wp-content\/uploads\/20-2-Copier-1536x1152.jpg 1536w, http:\/\/pmiservices.fr\/mercerie\/wp-content\/uploads\/20-2-Copier-2048x1536.jpg 2048w, http:\/\/pmiservices.fr\/mercerie\/wp-content\/uploads\/20-2-Copier-300x225.jpg 300w\" sizes=\"auto, (max-width: 600px) 100vw, 600px\" \/> <img loading=\"lazy\" decoding=\"async\" class=\"alignnone size-medium wp-image-16517\" src=\"http:\/\/pmiservices.fr\/mercerie\/wp-content\/uploads\/20-2-1-Copier-600x450.jpg\" alt=\"\" width=\"600\" height=\"450\" srcset=\"http:\/\/pmiservices.fr\/mercerie\/wp-content\/uploads\/20-2-1-Copier-600x450.jpg 600w, http:\/\/pmiservices.fr\/mercerie\/wp-content\/uploads\/20-2-1-Copier-1300x975.jpg 1300w, http:\/\/pmiservices.fr\/mercerie\/wp-content\/uploads\/20-2-1-Copier-768x576.jpg 768w, http:\/\/pmiservices.fr\/mercerie\/wp-content\/uploads\/20-2-1-Copier-1536x1152.jpg 1536w, http:\/\/pmiservices.fr\/mercerie\/wp-content\/uploads\/20-2-1-Copier-2048x1536.jpg 2048w, http:\/\/pmiservices.fr\/mercerie\/wp-content\/uploads\/20-2-1-Copier-300x225.jpg 300w\" sizes=\"auto, (max-width: 600px) 100vw, 600px\" \/> <img loading=\"lazy\" decoding=\"async\" class=\"alignnone size-medium wp-image-16518\" src=\"http:\/\/pmiservices.fr\/mercerie\/wp-content\/uploads\/sequins-or-b-Copier-450x600.jpg\" alt=\"\" width=\"450\" height=\"600\" srcset=\"http:\/\/pmiservices.fr\/mercerie\/wp-content\/uploads\/sequins-or-b-Copier-450x600.jpg 450w, http:\/\/pmiservices.fr\/mercerie\/wp-content\/uploads\/sequins-or-b-Copier-975x1300.jpg 975w, http:\/\/pmiservices.fr\/mercerie\/wp-content\/uploads\/sequins-or-b-Copier-768x1024.jpg 768w, http:\/\/pmiservices.fr\/mercerie\/wp-content\/uploads\/sequins-or-b-Copier-1152x1536.jpg 1152w, http:\/\/pmiservices.fr\/mercerie\/wp-content\/uploads\/sequins-or-b-Copier-1536x2048.jpg 1536w, http:\/\/pmiservices.fr\/mercerie\/wp-content\/uploads\/sequins-or-b-Copier-300x400.jpg 300w, http:\/\/pmiservices.fr\/mercerie\/wp-content\/uploads\/sequins-or-b-Copier.jpg 1814w\" sizes=\"auto, (max-width: 450px) 100vw, 450px\" \/> <img loading=\"lazy\" decoding=\"async\" class=\"alignnone size-medium wp-image-16519\" src=\"http:\/\/pmiservices.fr\/mercerie\/wp-content\/uploads\/Croquet-7mm-dore-Copier-467x600.jpg\" alt=\"\" width=\"467\" height=\"600\" srcset=\"http:\/\/pmiservices.fr\/mercerie\/wp-content\/uploads\/Croquet-7mm-dore-Copier-467x600.jpg 467w, http:\/\/pmiservices.fr\/mercerie\/wp-content\/uploads\/Croquet-7mm-dore-Copier-1012x1300.jpg 1012w, http:\/\/pmiservices.fr\/mercerie\/wp-content\/uploads\/Croquet-7mm-dore-Copier-768x987.jpg 768w, http:\/\/pmiservices.fr\/mercerie\/wp-content\/uploads\/Croquet-7mm-dore-Copier-1195x1536.jpg 1195w, http:\/\/pmiservices.fr\/mercerie\/wp-content\/uploads\/Croquet-7mm-dore-Copier-300x385.jpg 300w, http:\/\/pmiservices.fr\/mercerie\/wp-content\/uploads\/Croquet-7mm-dore-Copier.jpg 1569w\" sizes=\"auto, (max-width: 467px) 100vw, 467px\" \/><\/p>\n","protected":false},"excerpt":{"rendered":"<p>\u00a0<\/p>\n","protected":false},"featured_media":16515,"comment_status":"open","ping_status":"closed","template":"","meta":{"kt_blocks_editor_width":""},"product_brand":[],"product_cat":[115,128],"product_tag":[],"class_list":{"0":"post-16510","1":"product","2":"type-product","3":"status-publish","4":"has-post-thumbnail","6":"product_cat-rubans","7":"product_cat-rubans-noel","9":"first","10":"instock","11":"shipping-taxable","12":"purchasable","13":"product-type-variable"},"_links":{"self":[{"href":"http:\/\/pmiservices.fr\/mercerie\/wp-json\/wp\/v2\/product\/16510","targetHints":{"allow":["GET"]}}],"collection":[{"href":"http:\/\/pmiservices.fr\/mercerie\/wp-json\/wp\/v2\/product"}],"about":[{"href":"http:\/\/pmiservices.fr\/mercerie\/wp-json\/wp\/v2\/types\/product"}],"replies":[{"embeddable":true,"href":"http:\/\/pmiservices.fr\/mercerie\/wp-json\/wp\/v2\/comments?post=16510"}],"wp:featuredmedia":[{"embeddable":true,"href":"http:\/\/pmiservices.fr\/mercerie\/wp-json\/wp\/v2\/media\/16515"}],"wp:attachment":[{"href":"http:\/\/pmiservices.fr\/mercerie\/wp-json\/wp\/v2\/media?parent=16510"}],"wp:term":[{"taxonomy":"product_brand","embeddable":true,"href":"http:\/\/pmiservices.fr\/mercerie\/wp-json\/wp\/v2\/product_brand?post=16510"},{"taxonomy":"product_cat","embeddable":true,"href":"http:\/\/pmiservices.fr\/mercerie\/wp-json\/wp\/v2\/product_cat?post=16510"},{"taxonomy":"product_tag","embeddable":true,"href":"http:\/\/pmiservices.fr\/mercerie\/wp-json\/wp\/v2\/product_tag?post=16510"}],"curies":[{"name":"wp","href":"https:\/\/api.w.org\/{rel}","templated":true}]}}