{"id":16499,"date":"2023-11-28T08:36:57","date_gmt":"2023-11-28T07:36:57","guid":{"rendered":"http:\/\/pmiservices.fr\/mercerie\/?post_type=product&#038;p=16499"},"modified":"2023-12-01T11:54:08","modified_gmt":"2023-12-01T10:54:08","slug":"rubans-argentes-20-a-68mm-prix-au-metre","status":"publish","type":"product","link":"http:\/\/pmiservices.fr\/mercerie\/boutique\/rubans\/rubans-noel\/rubans-argentes-20-a-68mm-prix-au-metre\/","title":{"rendered":"Rubans argent\u00e9s 20 \u00e0 68mm (Prix au m\u00e8tre)"},"content":{"rendered":"<p><img loading=\"lazy\" decoding=\"async\" class=\"alignnone size-medium wp-image-16500\" src=\"http:\/\/pmiservices.fr\/mercerie\/wp-content\/uploads\/40-4-Copier-450x600.jpg\" alt=\"\" width=\"450\" height=\"600\" srcset=\"http:\/\/pmiservices.fr\/mercerie\/wp-content\/uploads\/40-4-Copier-450x600.jpg 450w, http:\/\/pmiservices.fr\/mercerie\/wp-content\/uploads\/40-4-Copier-975x1300.jpg 975w, http:\/\/pmiservices.fr\/mercerie\/wp-content\/uploads\/40-4-Copier-768x1024.jpg 768w, http:\/\/pmiservices.fr\/mercerie\/wp-content\/uploads\/40-4-Copier-1152x1536.jpg 1152w, http:\/\/pmiservices.fr\/mercerie\/wp-content\/uploads\/40-4-Copier-1536x2048.jpg 1536w, http:\/\/pmiservices.fr\/mercerie\/wp-content\/uploads\/40-4-Copier-300x400.jpg 300w, http:\/\/pmiservices.fr\/mercerie\/wp-content\/uploads\/40-4-Copier.jpg 1814w\" sizes=\"auto, (max-width: 450px) 100vw, 450px\" \/> <img loading=\"lazy\" decoding=\"async\" class=\"alignnone size-medium wp-image-16501\" src=\"http:\/\/pmiservices.fr\/mercerie\/wp-content\/uploads\/40-5-Copier-527x600.jpg\" alt=\"\" width=\"527\" height=\"600\" srcset=\"http:\/\/pmiservices.fr\/mercerie\/wp-content\/uploads\/40-5-Copier-527x600.jpg 527w, http:\/\/pmiservices.fr\/mercerie\/wp-content\/uploads\/40-5-Copier-1142x1300.jpg 1142w, http:\/\/pmiservices.fr\/mercerie\/wp-content\/uploads\/40-5-Copier-768x874.jpg 768w, http:\/\/pmiservices.fr\/mercerie\/wp-content\/uploads\/40-5-Copier-1349x1536.jpg 1349w, http:\/\/pmiservices.fr\/mercerie\/wp-content\/uploads\/40-5-Copier-1799x2048.jpg 1799w, http:\/\/pmiservices.fr\/mercerie\/wp-content\/uploads\/40-5-Copier-300x342.jpg 300w, http:\/\/pmiservices.fr\/mercerie\/wp-content\/uploads\/40-5-Copier.jpg 1814w\" sizes=\"auto, (max-width: 527px) 100vw, 527px\" \/> <img loading=\"lazy\" decoding=\"async\" class=\"alignnone size-medium wp-image-16502\" src=\"http:\/\/pmiservices.fr\/mercerie\/wp-content\/uploads\/68-1-Copier-450x600.jpg\" alt=\"\" width=\"450\" height=\"600\" srcset=\"http:\/\/pmiservices.fr\/mercerie\/wp-content\/uploads\/68-1-Copier-450x600.jpg 450w, http:\/\/pmiservices.fr\/mercerie\/wp-content\/uploads\/68-1-Copier-975x1300.jpg 975w, http:\/\/pmiservices.fr\/mercerie\/wp-content\/uploads\/68-1-Copier-768x1024.jpg 768w, http:\/\/pmiservices.fr\/mercerie\/wp-content\/uploads\/68-1-Copier-1152x1536.jpg 1152w, http:\/\/pmiservices.fr\/mercerie\/wp-content\/uploads\/68-1-Copier-1536x2048.jpg 1536w, http:\/\/pmiservices.fr\/mercerie\/wp-content\/uploads\/68-1-Copier-300x400.jpg 300w, http:\/\/pmiservices.fr\/mercerie\/wp-content\/uploads\/68-1-Copier.jpg 1814w\" sizes=\"auto, (max-width: 450px) 100vw, 450px\" \/> <img loading=\"lazy\" decoding=\"async\" class=\"alignnone size-medium wp-image-16503\" src=\"http:\/\/pmiservices.fr\/mercerie\/wp-content\/uploads\/20-1-Copier-600x450.jpg\" alt=\"\" width=\"600\" height=\"450\" srcset=\"http:\/\/pmiservices.fr\/mercerie\/wp-content\/uploads\/20-1-Copier-600x450.jpg 600w, http:\/\/pmiservices.fr\/mercerie\/wp-content\/uploads\/20-1-Copier-1300x975.jpg 1300w, http:\/\/pmiservices.fr\/mercerie\/wp-content\/uploads\/20-1-Copier-768x576.jpg 768w, http:\/\/pmiservices.fr\/mercerie\/wp-content\/uploads\/20-1-Copier-1536x1152.jpg 1536w, http:\/\/pmiservices.fr\/mercerie\/wp-content\/uploads\/20-1-Copier-2048x1536.jpg 2048w, http:\/\/pmiservices.fr\/mercerie\/wp-content\/uploads\/20-1-Copier-300x225.jpg 300w\" sizes=\"auto, (max-width: 600px) 100vw, 600px\" \/> <img loading=\"lazy\" decoding=\"async\" class=\"alignnone size-medium wp-image-16504\" src=\"http:\/\/pmiservices.fr\/mercerie\/wp-content\/uploads\/25-6-Copier-600x380.jpg\" alt=\"\" width=\"600\" height=\"380\" srcset=\"http:\/\/pmiservices.fr\/mercerie\/wp-content\/uploads\/25-6-Copier-600x380.jpg 600w, http:\/\/pmiservices.fr\/mercerie\/wp-content\/uploads\/25-6-Copier-1300x823.jpg 1300w, http:\/\/pmiservices.fr\/mercerie\/wp-content\/uploads\/25-6-Copier-768x486.jpg 768w, http:\/\/pmiservices.fr\/mercerie\/wp-content\/uploads\/25-6-Copier-1536x972.jpg 1536w, http:\/\/pmiservices.fr\/mercerie\/wp-content\/uploads\/25-6-Copier-2048x1296.jpg 2048w, http:\/\/pmiservices.fr\/mercerie\/wp-content\/uploads\/25-6-Copier-80x50.jpg 80w, http:\/\/pmiservices.fr\/mercerie\/wp-content\/uploads\/25-6-Copier-300x190.jpg 300w\" sizes=\"auto, (max-width: 600px) 100vw, 600px\" \/><\/p>\n","protected":false},"excerpt":{"rendered":"","protected":false},"featured_media":16502,"comment_status":"open","ping_status":"closed","template":"","meta":{"kt_blocks_editor_width":""},"product_brand":[],"product_cat":[115,128],"product_tag":[],"class_list":{"0":"post-16499","1":"product","2":"type-product","3":"status-publish","4":"has-post-thumbnail","6":"product_cat-rubans","7":"product_cat-rubans-noel","9":"first","10":"instock","11":"shipping-taxable","12":"purchasable","13":"product-type-variable"},"_links":{"self":[{"href":"http:\/\/pmiservices.fr\/mercerie\/wp-json\/wp\/v2\/product\/16499","targetHints":{"allow":["GET"]}}],"collection":[{"href":"http:\/\/pmiservices.fr\/mercerie\/wp-json\/wp\/v2\/product"}],"about":[{"href":"http:\/\/pmiservices.fr\/mercerie\/wp-json\/wp\/v2\/types\/product"}],"replies":[{"embeddable":true,"href":"http:\/\/pmiservices.fr\/mercerie\/wp-json\/wp\/v2\/comments?post=16499"}],"wp:featuredmedia":[{"embeddable":true,"href":"http:\/\/pmiservices.fr\/mercerie\/wp-json\/wp\/v2\/media\/16502"}],"wp:attachment":[{"href":"http:\/\/pmiservices.fr\/mercerie\/wp-json\/wp\/v2\/media?parent=16499"}],"wp:term":[{"taxonomy":"product_brand","embeddable":true,"href":"http:\/\/pmiservices.fr\/mercerie\/wp-json\/wp\/v2\/product_brand?post=16499"},{"taxonomy":"product_cat","embeddable":true,"href":"http:\/\/pmiservices.fr\/mercerie\/wp-json\/wp\/v2\/product_cat?post=16499"},{"taxonomy":"product_tag","embeddable":true,"href":"http:\/\/pmiservices.fr\/mercerie\/wp-json\/wp\/v2\/product_tag?post=16499"}],"curies":[{"name":"wp","href":"https:\/\/api.w.org\/{rel}","templated":true}]}}