{"id":16470,"date":"2023-11-27T09:52:13","date_gmt":"2023-11-27T08:52:13","guid":{"rendered":"http:\/\/pmiservices.fr\/mercerie\/?post_type=product&#038;p=16470"},"modified":"2023-11-28T10:08:36","modified_gmt":"2023-11-28T09:08:36","slug":"rubans-argentes-de-1-a-10mm","status":"publish","type":"product","link":"http:\/\/pmiservices.fr\/mercerie\/boutique\/rubans\/rubans-noel\/rubans-argentes-de-1-a-10mm\/","title":{"rendered":"Rubans argent\u00e9s de 1 \u00e0 10mm (prix au m\u00e8tre)"},"content":{"rendered":"<p><img loading=\"lazy\" decoding=\"async\" class=\"alignnone size-medium wp-image-16471\" src=\"http:\/\/pmiservices.fr\/mercerie\/wp-content\/uploads\/2-2b-Copier-450x600.jpg\" alt=\"\" width=\"450\" height=\"600\" srcset=\"http:\/\/pmiservices.fr\/mercerie\/wp-content\/uploads\/2-2b-Copier-450x600.jpg 450w, http:\/\/pmiservices.fr\/mercerie\/wp-content\/uploads\/2-2b-Copier-975x1300.jpg 975w, http:\/\/pmiservices.fr\/mercerie\/wp-content\/uploads\/2-2b-Copier-768x1024.jpg 768w, http:\/\/pmiservices.fr\/mercerie\/wp-content\/uploads\/2-2b-Copier-1152x1536.jpg 1152w, http:\/\/pmiservices.fr\/mercerie\/wp-content\/uploads\/2-2b-Copier-1536x2048.jpg 1536w, http:\/\/pmiservices.fr\/mercerie\/wp-content\/uploads\/2-2b-Copier-300x400.jpg 300w, http:\/\/pmiservices.fr\/mercerie\/wp-content\/uploads\/2-2b-Copier.jpg 1814w\" sizes=\"auto, (max-width: 450px) 100vw, 450px\" \/> <img loading=\"lazy\" decoding=\"async\" class=\"alignnone size-medium wp-image-16472\" src=\"http:\/\/pmiservices.fr\/mercerie\/wp-content\/uploads\/3-1b-Copier-450x600.jpg\" alt=\"\" width=\"450\" height=\"600\" srcset=\"http:\/\/pmiservices.fr\/mercerie\/wp-content\/uploads\/3-1b-Copier-450x600.jpg 450w, http:\/\/pmiservices.fr\/mercerie\/wp-content\/uploads\/3-1b-Copier-975x1300.jpg 975w, http:\/\/pmiservices.fr\/mercerie\/wp-content\/uploads\/3-1b-Copier-768x1024.jpg 768w, http:\/\/pmiservices.fr\/mercerie\/wp-content\/uploads\/3-1b-Copier-1152x1536.jpg 1152w, http:\/\/pmiservices.fr\/mercerie\/wp-content\/uploads\/3-1b-Copier-1536x2048.jpg 1536w, http:\/\/pmiservices.fr\/mercerie\/wp-content\/uploads\/3-1b-Copier-300x400.jpg 300w, http:\/\/pmiservices.fr\/mercerie\/wp-content\/uploads\/3-1b-Copier.jpg 1814w\" sizes=\"auto, (max-width: 450px) 100vw, 450px\" \/> <img loading=\"lazy\" decoding=\"async\" class=\"alignnone size-medium wp-image-16473\" src=\"http:\/\/pmiservices.fr\/mercerie\/wp-content\/uploads\/6-2-Copier-600x397.jpg\" alt=\"\" width=\"600\" height=\"397\" srcset=\"http:\/\/pmiservices.fr\/mercerie\/wp-content\/uploads\/6-2-Copier-600x397.jpg 600w, http:\/\/pmiservices.fr\/mercerie\/wp-content\/uploads\/6-2-Copier-1300x860.jpg 1300w, http:\/\/pmiservices.fr\/mercerie\/wp-content\/uploads\/6-2-Copier-768x508.jpg 768w, http:\/\/pmiservices.fr\/mercerie\/wp-content\/uploads\/6-2-Copier-1536x1016.jpg 1536w, http:\/\/pmiservices.fr\/mercerie\/wp-content\/uploads\/6-2-Copier-2048x1355.jpg 2048w, http:\/\/pmiservices.fr\/mercerie\/wp-content\/uploads\/6-2-Copier-300x198.jpg 300w\" sizes=\"auto, (max-width: 600px) 100vw, 600px\" \/> <img loading=\"lazy\" decoding=\"async\" class=\"alignnone size-medium wp-image-16474\" src=\"http:\/\/pmiservices.fr\/mercerie\/wp-content\/uploads\/6-3-Copier-600x501.jpg\" alt=\"\" width=\"600\" height=\"501\" srcset=\"http:\/\/pmiservices.fr\/mercerie\/wp-content\/uploads\/6-3-Copier-600x501.jpg 600w, http:\/\/pmiservices.fr\/mercerie\/wp-content\/uploads\/6-3-Copier-1300x1085.jpg 1300w, http:\/\/pmiservices.fr\/mercerie\/wp-content\/uploads\/6-3-Copier-768x641.jpg 768w, http:\/\/pmiservices.fr\/mercerie\/wp-content\/uploads\/6-3-Copier-1536x1282.jpg 1536w, http:\/\/pmiservices.fr\/mercerie\/wp-content\/uploads\/6-3-Copier-2048x1710.jpg 2048w, http:\/\/pmiservices.fr\/mercerie\/wp-content\/uploads\/6-3-Copier-300x250.jpg 300w, http:\/\/pmiservices.fr\/mercerie\/wp-content\/uploads\/6-3-Copier.jpg 2173w\" sizes=\"auto, (max-width: 600px) 100vw, 600px\" \/> <img loading=\"lazy\" decoding=\"async\" class=\"alignnone size-medium wp-image-16475\" src=\"http:\/\/pmiservices.fr\/mercerie\/wp-content\/uploads\/7-1-Copier-600x537.jpg\" alt=\"\" width=\"600\" height=\"537\" srcset=\"http:\/\/pmiservices.fr\/mercerie\/wp-content\/uploads\/7-1-Copier-600x537.jpg 600w, http:\/\/pmiservices.fr\/mercerie\/wp-content\/uploads\/7-1-Copier-1300x1164.jpg 1300w, http:\/\/pmiservices.fr\/mercerie\/wp-content\/uploads\/7-1-Copier-768x688.jpg 768w, http:\/\/pmiservices.fr\/mercerie\/wp-content\/uploads\/7-1-Copier-1536x1375.jpg 1536w, http:\/\/pmiservices.fr\/mercerie\/wp-content\/uploads\/7-1-Copier-300x269.jpg 300w, http:\/\/pmiservices.fr\/mercerie\/wp-content\/uploads\/7-1-Copier.jpg 1937w\" sizes=\"auto, (max-width: 600px) 100vw, 600px\" \/> <img loading=\"lazy\" decoding=\"async\" class=\"alignnone size-medium wp-image-16476\" src=\"http:\/\/pmiservices.fr\/mercerie\/wp-content\/uploads\/Croquet-7mm-argent-Copier-548x600.jpg\" alt=\"\" width=\"548\" height=\"600\" srcset=\"http:\/\/pmiservices.fr\/mercerie\/wp-content\/uploads\/Croquet-7mm-argent-Copier-548x600.jpg 548w, http:\/\/pmiservices.fr\/mercerie\/wp-content\/uploads\/Croquet-7mm-argent-Copier-1186x1300.jpg 1186w, http:\/\/pmiservices.fr\/mercerie\/wp-content\/uploads\/Croquet-7mm-argent-Copier-768x842.jpg 768w, http:\/\/pmiservices.fr\/mercerie\/wp-content\/uploads\/Croquet-7mm-argent-Copier-1402x1536.jpg 1402w, http:\/\/pmiservices.fr\/mercerie\/wp-content\/uploads\/Croquet-7mm-argent-Copier-300x329.jpg 300w, http:\/\/pmiservices.fr\/mercerie\/wp-content\/uploads\/Croquet-7mm-argent-Copier.jpg 1743w\" sizes=\"auto, (max-width: 548px) 100vw, 548px\" \/> <img loading=\"lazy\" decoding=\"async\" class=\"alignnone size-medium wp-image-16477\" src=\"http:\/\/pmiservices.fr\/mercerie\/wp-content\/uploads\/sequins-argent-b-Copier-600x450.jpg\" alt=\"\" width=\"600\" height=\"450\" srcset=\"http:\/\/pmiservices.fr\/mercerie\/wp-content\/uploads\/sequins-argent-b-Copier-600x450.jpg 600w, http:\/\/pmiservices.fr\/mercerie\/wp-content\/uploads\/sequins-argent-b-Copier-1300x975.jpg 1300w, http:\/\/pmiservices.fr\/mercerie\/wp-content\/uploads\/sequins-argent-b-Copier-768x576.jpg 768w, http:\/\/pmiservices.fr\/mercerie\/wp-content\/uploads\/sequins-argent-b-Copier-1536x1152.jpg 1536w, http:\/\/pmiservices.fr\/mercerie\/wp-content\/uploads\/sequins-argent-b-Copier-2048x1536.jpg 2048w, http:\/\/pmiservices.fr\/mercerie\/wp-content\/uploads\/sequins-argent-b-Copier-300x225.jpg 300w\" sizes=\"auto, (max-width: 600px) 100vw, 600px\" \/> <img loading=\"lazy\" decoding=\"async\" class=\"alignnone size-medium wp-image-16478\" src=\"http:\/\/pmiservices.fr\/mercerie\/wp-content\/uploads\/1-1b-Copier-427x600.jpg\" alt=\"\" width=\"427\" height=\"600\" srcset=\"http:\/\/pmiservices.fr\/mercerie\/wp-content\/uploads\/1-1b-Copier-427x600.jpg 427w, http:\/\/pmiservices.fr\/mercerie\/wp-content\/uploads\/1-1b-Copier-924x1300.jpg 924w, http:\/\/pmiservices.fr\/mercerie\/wp-content\/uploads\/1-1b-Copier-768x1080.jpg 768w, http:\/\/pmiservices.fr\/mercerie\/wp-content\/uploads\/1-1b-Copier-1092x1536.jpg 1092w, http:\/\/pmiservices.fr\/mercerie\/wp-content\/uploads\/1-1b-Copier-1456x2048.jpg 1456w, http:\/\/pmiservices.fr\/mercerie\/wp-content\/uploads\/1-1b-Copier-300x422.jpg 300w, http:\/\/pmiservices.fr\/mercerie\/wp-content\/uploads\/1-1b-Copier.jpg 1656w\" sizes=\"auto, (max-width: 427px) 100vw, 427px\" \/><\/p>\n","protected":false},"excerpt":{"rendered":"","protected":false},"featured_media":16472,"comment_status":"open","ping_status":"closed","template":"","meta":{"kt_blocks_editor_width":""},"product_brand":[],"product_cat":[115,128],"product_tag":[],"class_list":{"0":"post-16470","1":"product","2":"type-product","3":"status-publish","4":"has-post-thumbnail","6":"product_cat-rubans","7":"product_cat-rubans-noel","9":"first","10":"instock","11":"shipping-taxable","12":"purchasable","13":"product-type-variable"},"_links":{"self":[{"href":"http:\/\/pmiservices.fr\/mercerie\/wp-json\/wp\/v2\/product\/16470","targetHints":{"allow":["GET"]}}],"collection":[{"href":"http:\/\/pmiservices.fr\/mercerie\/wp-json\/wp\/v2\/product"}],"about":[{"href":"http:\/\/pmiservices.fr\/mercerie\/wp-json\/wp\/v2\/types\/product"}],"replies":[{"embeddable":true,"href":"http:\/\/pmiservices.fr\/mercerie\/wp-json\/wp\/v2\/comments?post=16470"}],"wp:featuredmedia":[{"embeddable":true,"href":"http:\/\/pmiservices.fr\/mercerie\/wp-json\/wp\/v2\/media\/16472"}],"wp:attachment":[{"href":"http:\/\/pmiservices.fr\/mercerie\/wp-json\/wp\/v2\/media?parent=16470"}],"wp:term":[{"taxonomy":"product_brand","embeddable":true,"href":"http:\/\/pmiservices.fr\/mercerie\/wp-json\/wp\/v2\/product_brand?post=16470"},{"taxonomy":"product_cat","embeddable":true,"href":"http:\/\/pmiservices.fr\/mercerie\/wp-json\/wp\/v2\/product_cat?post=16470"},{"taxonomy":"product_tag","embeddable":true,"href":"http:\/\/pmiservices.fr\/mercerie\/wp-json\/wp\/v2\/product_tag?post=16470"}],"curies":[{"name":"wp","href":"https:\/\/api.w.org\/{rel}","templated":true}]}}