{"id":16276,"date":"2023-10-07T08:43:14","date_gmt":"2023-10-07T07:43:14","guid":{"rendered":"http:\/\/pmiservices.fr\/mercerie\/?post_type=product&#038;p=16276"},"modified":"2023-10-10T09:33:14","modified_gmt":"2023-10-10T08:33:14","slug":"tango","status":"publish","type":"product","link":"http:\/\/pmiservices.fr\/mercerie\/boutique\/tout-pour-le-tricot\/laine-par-marques\/laine-lanas-stop\/tango\/","title":{"rendered":"TANGO"},"content":{"rendered":"<figure id=\"attachment_16365\" class=\"thumbnail wp-caption alignnone\" style=\"width: 346px\"><img loading=\"lazy\" decoding=\"async\" class=\"size-full wp-image-16365\" src=\"http:\/\/pmiservices.fr\/mercerie\/wp-content\/uploads\/tango-gris-nois-501-Copier.jpg\" alt=\"\" width=\"346\" height=\"265\" srcset=\"http:\/\/pmiservices.fr\/mercerie\/wp-content\/uploads\/tango-gris-nois-501-Copier.jpg 346w, http:\/\/pmiservices.fr\/mercerie\/wp-content\/uploads\/tango-gris-nois-501-Copier-300x230.jpg 300w\" sizes=\"auto, (max-width: 346px) 100vw, 346px\" \/><figcaption class=\"caption wp-caption-text\">OLYMPUS DIGITAL CAMERA<\/figcaption><\/figure>\n<figure id=\"attachment_16366\" class=\"thumbnail wp-caption alignnone\" style=\"width: 346px\"><img loading=\"lazy\" decoding=\"async\" class=\"size-medium wp-image-16366\" src=\"http:\/\/pmiservices.fr\/mercerie\/wp-content\/uploads\/tango-marron-890-Copier.jpg\" alt=\"\" width=\"346\" height=\"288\" srcset=\"http:\/\/pmiservices.fr\/mercerie\/wp-content\/uploads\/tango-marron-890-Copier.jpg 346w, http:\/\/pmiservices.fr\/mercerie\/wp-content\/uploads\/tango-marron-890-Copier-300x250.jpg 300w\" sizes=\"auto, (max-width: 346px) 100vw, 346px\" \/><figcaption class=\"caption wp-caption-text\">OLYMPUS DIGITAL CAMERA<\/figcaption><\/figure>\n<figure id=\"attachment_16279\" class=\"thumbnail wp-caption alignnone\" style=\"width: 600px\"><img loading=\"lazy\" decoding=\"async\" class=\"size-medium wp-image-16279\" src=\"http:\/\/pmiservices.fr\/mercerie\/wp-content\/uploads\/TANGO-618-Copier-600x450.jpg\" alt=\"\" width=\"600\" height=\"450\" srcset=\"http:\/\/pmiservices.fr\/mercerie\/wp-content\/uploads\/TANGO-618-Copier-600x450.jpg 600w, http:\/\/pmiservices.fr\/mercerie\/wp-content\/uploads\/TANGO-618-Copier-1300x975.jpg 1300w, http:\/\/pmiservices.fr\/mercerie\/wp-content\/uploads\/TANGO-618-Copier-768x576.jpg 768w, http:\/\/pmiservices.fr\/mercerie\/wp-content\/uploads\/TANGO-618-Copier-1536x1152.jpg 1536w, http:\/\/pmiservices.fr\/mercerie\/wp-content\/uploads\/TANGO-618-Copier-300x225.jpg 300w, http:\/\/pmiservices.fr\/mercerie\/wp-content\/uploads\/TANGO-618-Copier.jpg 1958w\" sizes=\"auto, (max-width: 600px) 100vw, 600px\" \/><figcaption class=\"caption wp-caption-text\">OLYMPUS DIGITAL CAMERA<\/figcaption><\/figure>\n","protected":false},"excerpt":{"rendered":"<p>Laine TANGO de Lanas Stop. Pelote 50gr, env. 23m. 97% acrylique, 3% polyester m\u00e9tallis\u00e9. Aiguilles 4.<\/p>\n<p>Fil ruban pour \u00e9charpe volant\u00e9e. Aspect brillant m\u00e9tallis\u00e9. Explications fournies avec la pelote.<\/p>\n","protected":false},"featured_media":16366,"comment_status":"open","ping_status":"closed","template":"","meta":{"kt_blocks_editor_width":""},"product_brand":[],"product_cat":[268,27],"product_tag":[],"class_list":{"0":"post-16276","1":"product","2":"type-product","3":"status-publish","4":"has-post-thumbnail","6":"product_cat-laine-lanas-stop","7":"product_cat-laine-speciale-echarpes-ou-accessoires","9":"first","10":"instock","11":"sale","12":"shipping-taxable","13":"purchasable","14":"product-type-variable"},"_links":{"self":[{"href":"http:\/\/pmiservices.fr\/mercerie\/wp-json\/wp\/v2\/product\/16276","targetHints":{"allow":["GET"]}}],"collection":[{"href":"http:\/\/pmiservices.fr\/mercerie\/wp-json\/wp\/v2\/product"}],"about":[{"href":"http:\/\/pmiservices.fr\/mercerie\/wp-json\/wp\/v2\/types\/product"}],"replies":[{"embeddable":true,"href":"http:\/\/pmiservices.fr\/mercerie\/wp-json\/wp\/v2\/comments?post=16276"}],"wp:featuredmedia":[{"embeddable":true,"href":"http:\/\/pmiservices.fr\/mercerie\/wp-json\/wp\/v2\/media\/16366"}],"wp:attachment":[{"href":"http:\/\/pmiservices.fr\/mercerie\/wp-json\/wp\/v2\/media?parent=16276"}],"wp:term":[{"taxonomy":"product_brand","embeddable":true,"href":"http:\/\/pmiservices.fr\/mercerie\/wp-json\/wp\/v2\/product_brand?post=16276"},{"taxonomy":"product_cat","embeddable":true,"href":"http:\/\/pmiservices.fr\/mercerie\/wp-json\/wp\/v2\/product_cat?post=16276"},{"taxonomy":"product_tag","embeddable":true,"href":"http:\/\/pmiservices.fr\/mercerie\/wp-json\/wp\/v2\/product_tag?post=16276"}],"curies":[{"name":"wp","href":"https:\/\/api.w.org\/{rel}","templated":true}]}}