{"id":15986,"date":"2022-03-13T19:56:49","date_gmt":"2022-03-13T18:56:49","guid":{"rendered":"http:\/\/pmiservices.fr\/mercerie\/?post_type=product&#038;p=15986"},"modified":"2022-03-13T20:26:34","modified_gmt":"2022-03-13T19:26:34","slug":"fils-100-coton-mediac-fabrication-francaise-90m","status":"publish","type":"product","link":"http:\/\/pmiservices.fr\/mercerie\/boutique\/fils-a-coudre-broder\/fils-a-coudre\/fil-a-coudre-100-coton\/fils-100-coton-mediac-fabrication-francaise-90m\/","title":{"rendered":"Fils 100% coton Mediac Fabrication Fran\u00e7aise 90m"},"content":{"rendered":"","protected":false},"excerpt":{"rendered":"<p>Fil de fabrication fran\u00e7aise, convient pour la couture \u00e0 la main ou \u00e0 la machine.<br \/>\nBobines de 90m, 100% coton.<\/p>\n","protected":false},"featured_media":0,"comment_status":"open","ping_status":"closed","template":"","meta":{"kt_blocks_editor_width":""},"product_brand":[],"product_cat":[55],"product_tag":[],"class_list":{"0":"post-15986","1":"product","2":"type-product","3":"status-publish","5":"product_cat-fil-a-coudre-100-coton","6":"pa_couleur-b084","7":"pa_couleur-b108","8":"pa_couleur-b111-2","9":"pa_couleur-b117","10":"pa_couleur-b167","11":"pa_couleur-b25","12":"pa_couleur-b27","13":"pa_couleur-b43","14":"pa_couleur-g440","15":"pa_couleur-g58","16":"pa_couleur-g59","17":"pa_couleur-g60","18":"pa_couleur-v112","19":"pa_couleur-v122","20":"pa_couleur-v181","21":"pa_couleur-v41","22":"pa_couleur-v45","23":"pa_couleur-v48","24":"pa_couleur-v49","25":"pa_couleur-v54","26":"pa_couleur-v74","27":"pa_couleur-v76","28":"pa_couleur-v77","30":"first","31":"instock","32":"sale","33":"shipping-taxable","34":"purchasable","35":"product-type-variable"},"_links":{"self":[{"href":"http:\/\/pmiservices.fr\/mercerie\/wp-json\/wp\/v2\/product\/15986","targetHints":{"allow":["GET"]}}],"collection":[{"href":"http:\/\/pmiservices.fr\/mercerie\/wp-json\/wp\/v2\/product"}],"about":[{"href":"http:\/\/pmiservices.fr\/mercerie\/wp-json\/wp\/v2\/types\/product"}],"replies":[{"embeddable":true,"href":"http:\/\/pmiservices.fr\/mercerie\/wp-json\/wp\/v2\/comments?post=15986"}],"wp:attachment":[{"href":"http:\/\/pmiservices.fr\/mercerie\/wp-json\/wp\/v2\/media?parent=15986"}],"wp:term":[{"taxonomy":"product_brand","embeddable":true,"href":"http:\/\/pmiservices.fr\/mercerie\/wp-json\/wp\/v2\/product_brand?post=15986"},{"taxonomy":"product_cat","embeddable":true,"href":"http:\/\/pmiservices.fr\/mercerie\/wp-json\/wp\/v2\/product_cat?post=15986"},{"taxonomy":"product_tag","embeddable":true,"href":"http:\/\/pmiservices.fr\/mercerie\/wp-json\/wp\/v2\/product_tag?post=15986"}],"curies":[{"name":"wp","href":"https:\/\/api.w.org\/{rel}","templated":true}]}}