{"id":14166,"date":"2019-04-14T12:22:10","date_gmt":"2019-04-14T11:22:10","guid":{"rendered":"http:\/\/pmiservices.fr\/mercerie\/?post_type=product&#038;p=14166"},"modified":"2026-01-16T11:06:06","modified_gmt":"2026-01-16T10:06:06","slug":"layette-jacquard-de-plassard","status":"publish","type":"product","link":"http:\/\/pmiservices.fr\/mercerie\/boutique\/tout-pour-le-tricot\/laine-par-marques\/laine-plassard\/layette-jacquard-de-plassard\/","title":{"rendered":"LAYETTE JACQUARD de Plassard Lot 2 pelotes"},"content":{"rendered":"<p><img loading=\"lazy\" decoding=\"async\" class=\"alignnone size-medium wp-image-17020\" src=\"http:\/\/pmiservices.fr\/mercerie\/wp-content\/uploads\/IMG_5026-Copier-600x450.jpg\" alt=\"\" width=\"600\" height=\"450\" srcset=\"http:\/\/pmiservices.fr\/mercerie\/wp-content\/uploads\/IMG_5026-Copier-600x450.jpg 600w, http:\/\/pmiservices.fr\/mercerie\/wp-content\/uploads\/IMG_5026-Copier-1300x975.jpg 1300w, http:\/\/pmiservices.fr\/mercerie\/wp-content\/uploads\/IMG_5026-Copier-768x576.jpg 768w, http:\/\/pmiservices.fr\/mercerie\/wp-content\/uploads\/IMG_5026-Copier-1536x1152.jpg 1536w, http:\/\/pmiservices.fr\/mercerie\/wp-content\/uploads\/IMG_5026-Copier-2048x1536.jpg 2048w, http:\/\/pmiservices.fr\/mercerie\/wp-content\/uploads\/IMG_5026-Copier-300x225.jpg 300w\" sizes=\"auto, (max-width: 600px) 100vw, 600px\" \/><\/p>\n","protected":false},"excerpt":{"rendered":"<p>LAYETTE JACQUARD de Plassard. 100% acrylique &#8220;sp\u00e9cial b\u00e9b\u00e9&#8221;. Pelote 50gr, env. 210m. Aiguilles 2\/2,5. Echantillon 10x10cm = 29mx38rgs.<br \/>\nLot de 2 pelotes colori 309 bain 20577.<\/p>\n","protected":false},"featured_media":17020,"comment_status":"open","ping_status":"closed","template":"","meta":{"kt_blocks_editor_width":""},"product_brand":[],"product_cat":[130,15,270],"product_tag":[],"class_list":{"0":"post-14166","1":"product","2":"type-product","3":"status-publish","4":"has-post-thumbnail","6":"product_cat-coin-des-bonnes-affaires","7":"product_cat-tout-pour-le-tricot","8":"product_cat-laine-plassard","10":"first","11":"outofstock","12":"sale","13":"shipping-taxable","14":"purchasable","15":"product-type-variable"},"_links":{"self":[{"href":"http:\/\/pmiservices.fr\/mercerie\/wp-json\/wp\/v2\/product\/14166","targetHints":{"allow":["GET"]}}],"collection":[{"href":"http:\/\/pmiservices.fr\/mercerie\/wp-json\/wp\/v2\/product"}],"about":[{"href":"http:\/\/pmiservices.fr\/mercerie\/wp-json\/wp\/v2\/types\/product"}],"replies":[{"embeddable":true,"href":"http:\/\/pmiservices.fr\/mercerie\/wp-json\/wp\/v2\/comments?post=14166"}],"wp:featuredmedia":[{"embeddable":true,"href":"http:\/\/pmiservices.fr\/mercerie\/wp-json\/wp\/v2\/media\/17020"}],"wp:attachment":[{"href":"http:\/\/pmiservices.fr\/mercerie\/wp-json\/wp\/v2\/media?parent=14166"}],"wp:term":[{"taxonomy":"product_brand","embeddable":true,"href":"http:\/\/pmiservices.fr\/mercerie\/wp-json\/wp\/v2\/product_brand?post=14166"},{"taxonomy":"product_cat","embeddable":true,"href":"http:\/\/pmiservices.fr\/mercerie\/wp-json\/wp\/v2\/product_cat?post=14166"},{"taxonomy":"product_tag","embeddable":true,"href":"http:\/\/pmiservices.fr\/mercerie\/wp-json\/wp\/v2\/product_tag?post=14166"}],"curies":[{"name":"wp","href":"https:\/\/api.w.org\/{rel}","templated":true}]}}