{"id":13154,"date":"2017-08-01T17:49:36","date_gmt":"2017-08-01T16:49:36","guid":{"rendered":"http:\/\/pmiservices.fr\/mercerie\/?post_type=product&#038;p=13154"},"modified":"2021-07-21T10:44:04","modified_gmt":"2021-07-21T09:44:04","slug":"patrons-made-in-me-couture-com","status":"publish","type":"product","link":"http:\/\/pmiservices.fr\/mercerie\/boutique\/mercerie-classique\/divers-mercerie-classique\/patrons-made-in-me-couture-com\/","title":{"rendered":"Patrons &#8220;Made in Me Couture.com&#8221;"},"content":{"rendered":"<figure id=\"attachment_13166\" class=\"thumbnail wp-caption alignnone\" style=\"width: 600px\"><img loading=\"lazy\" decoding=\"async\" class=\"size-medium wp-image-13166\" src=\"http:\/\/pmiservices.fr\/mercerie\/wp-content\/uploads\/P1010256-Copier-600x450.jpg\" alt=\"\" width=\"600\" height=\"450\" srcset=\"http:\/\/pmiservices.fr\/mercerie\/wp-content\/uploads\/P1010256-Copier-600x450.jpg 600w, http:\/\/pmiservices.fr\/mercerie\/wp-content\/uploads\/P1010256-Copier-768x576.jpg 768w, http:\/\/pmiservices.fr\/mercerie\/wp-content\/uploads\/P1010256-Copier-1300x975.jpg 1300w, http:\/\/pmiservices.fr\/mercerie\/wp-content\/uploads\/P1010256-Copier.jpg 1400w\" sizes=\"auto, (max-width: 600px) 100vw, 600px\" \/><figcaption class=\"caption wp-caption-text\">OLYMPUS DIGITAL CAMERA<\/figcaption><\/figure>\n","protected":false},"excerpt":{"rendered":"<p>Patron imprim\u00e9 \u00e0 votre taille (en corps entier) sur papier thermocollant, colle et se d\u00e9colle jusqu&#8217;\u00e0 7 fois, &#8220;Made in Me Couture.com&#8221;.<br \/>\nToutes les\u00a0pi\u00e8ces\u00a0du patron sont d\u00e9j\u00e0 comprises et plac\u00e9es\u00a0dans la largeur du tissu en 130 cm.<br \/>\n&#8220;1\/\u00a0<strong>JE COLLE<\/strong>\u00a0le patron au fer \u00e0 repasser\u00a0<em>(2\u00e8me degr\u00e9s &#8211; sans vapeur)<\/em><br \/>\n2\/\u00a0<strong>JE COUPE<\/strong>\u00a0l&#8217;ensemble\u00a0<em>(patron + tissu).<\/em><br \/>\n<em>Cela \u00e9vite de devoir d\u00e9calquer votre taille, de mettre les centim\u00e8tres de coutures et de le placer sur votre tissu en \u00e9pinglant !<br \/>\n<\/em>3\/\u00a0<strong>JE COUDS<\/strong>\u00a0toutes les pi\u00e8ces.<br \/>\nPrenez\u00a0<strong>une taille de plus<\/strong>\u00a0que celle que vous faite dans le pr\u00eat \u00e0 porter.<br \/>\nPour la s\u00e9curit\u00e9 : Coupez votre tissu, \u00e9pinglez le corps et si c&#8217;est un peu grand, prenez 1,5cm de couture.<\/p>\n<p>&nbsp;<\/p>\n","protected":false},"featured_media":13166,"comment_status":"open","ping_status":"closed","template":"","meta":{"kt_blocks_editor_width":""},"product_brand":[],"product_cat":[78,14],"product_tag":[],"class_list":{"0":"post-13154","1":"product","2":"type-product","3":"status-publish","4":"has-post-thumbnail","6":"product_cat-divers-mercerie-classique","7":"product_cat-mercerie-classique","9":"first","10":"instock","11":"shipping-taxable","12":"purchasable","13":"product-type-variable"},"_links":{"self":[{"href":"http:\/\/pmiservices.fr\/mercerie\/wp-json\/wp\/v2\/product\/13154","targetHints":{"allow":["GET"]}}],"collection":[{"href":"http:\/\/pmiservices.fr\/mercerie\/wp-json\/wp\/v2\/product"}],"about":[{"href":"http:\/\/pmiservices.fr\/mercerie\/wp-json\/wp\/v2\/types\/product"}],"replies":[{"embeddable":true,"href":"http:\/\/pmiservices.fr\/mercerie\/wp-json\/wp\/v2\/comments?post=13154"}],"wp:featuredmedia":[{"embeddable":true,"href":"http:\/\/pmiservices.fr\/mercerie\/wp-json\/wp\/v2\/media\/13166"}],"wp:attachment":[{"href":"http:\/\/pmiservices.fr\/mercerie\/wp-json\/wp\/v2\/media?parent=13154"}],"wp:term":[{"taxonomy":"product_brand","embeddable":true,"href":"http:\/\/pmiservices.fr\/mercerie\/wp-json\/wp\/v2\/product_brand?post=13154"},{"taxonomy":"product_cat","embeddable":true,"href":"http:\/\/pmiservices.fr\/mercerie\/wp-json\/wp\/v2\/product_cat?post=13154"},{"taxonomy":"product_tag","embeddable":true,"href":"http:\/\/pmiservices.fr\/mercerie\/wp-json\/wp\/v2\/product_tag?post=13154"}],"curies":[{"name":"wp","href":"https:\/\/api.w.org\/{rel}","templated":true}]}}